{"id":4207,"date":"2019-09-24T10:10:56","date_gmt":"2019-09-24T08:10:56","guid":{"rendered":"https:\/\/indusalcoop.es\/oferta-ingeniero-proyectista-oficina-tecnica\/"},"modified":"2025-10-11T18:17:44","modified_gmt":"2025-10-11T16:17:44","slug":"offre-ingenieur-ingenieure-projeteur-bureau-technique","status":"publish","type":"page","link":"https:\/\/indusalcoop.es\/fr\/offre-ingenieur-ingenieure-projeteur-bureau-technique\/","title":{"rendered":"Offre ing\u00e9nieur\/ing\u00e9nieure projeteur &#8211; Bureau technique"},"content":{"rendered":"<h3><span style=\"color: #3498db;\">DESCRIPTION DE L\u2019OFFRE<\/span><\/h3>\n<p>Nous recherchons un\/une ING\u00c9NIEUR\/E PROJETEUR \u2013 BUREAU TECHNIQUE pour une soci\u00e9t\u00e9 d\u2019ing\u00e9nierie sp\u00e9cialis\u00e9e dans la conception et la fabrication de machines et d\u2019installations industrielles.<\/p>\n<p>Sous la responsabilit\u00e9 du chef du Bureau Technique, ses principales missions seront :<\/p>\n<ul>\n<li>D\u00e9finir l\u2019\u00e9tendue, les sp\u00e9cifications et les exigences d\u00e9taill\u00e9es du projet.<\/li>\n<li>D\u00e9velopper les t\u00e2ches de conception : machines, m\u00e9canismes et \u00e9quipements industriels.<\/li>\n<li>R\u00e9aliser les plans de fabrication et d\u2019assemblage du produit.<\/li>\n<li>G\u00e9rer la documentation du projet : pr\u00e9paration et r\u00e9vision des documents associ\u00e9s.<\/li>\n<\/ul>\n<p>Ce poste offre une opportunit\u00e9 de carri\u00e8re stable avec de larges perspectives d\u2019\u00e9volution professionnelle.<\/p>\n<h3><span style=\"color: #3498db;\">EXIGENCES MINIMALES<\/span><\/h3>\n<p>Nous recherchons une personne ayant une formation universitaire (Ing\u00e9nierie Technique M\u00e9canique et\/ou Licence en Ing\u00e9nierie M\u00e9canique). Le Master en Conception et Fabrication ou le Master en Automatisation sera un atout, ainsi qu\u2019une exp\u00e9rience pr\u00e9alable en conception et en gestion de projets de machines au sein d\u2019un bureau technique.<\/p>\n<p>La ma\u00eetrise d\u2019AutoCAD et de SolidWorks est indispensable.<\/p>\n<h3><span style=\"color: #3498db;\">COMP\u00c9TENCES<\/span><\/h3>\n<ul>\n<li>INITIATIVE<\/li>\n<li>CAPACIT\u00c9 D\u2019ANALYSE<\/li>\n<li>PLANIFICATION et ORGANISATION<\/li>\n<li>TRAVAIL D\u2019\u00c9QUIPE<\/li>\n<\/ul>\n<h4><\/h4>\n<h4><span style=\"color: #3498db;\">Si vous \u00eates int\u00e9ress\u00e9(e) par cette offre, envoyez-nous votre CV \u00e0 <a style=\"color: #3498db;\" href=\"mailto:indusal@indusalsl.es\">indusal@indusalsl.es<\/a><\/span><\/h4>\n","protected":false},"excerpt":{"rendered":"<p>DESCRIPTION DE L\u2019OFFRE Nous recherchons un\/une ING\u00c9NIEUR\/E PROJETEUR \u2013 BUREAU TECHNIQUE pour une soci\u00e9t\u00e9 d\u2019ing\u00e9nierie sp\u00e9cialis\u00e9e dans la conception et la fabrication de machines et d\u2019installations industrielles. Sous la responsabilit\u00e9 du chef du Bureau Technique, ses principales missions seront : &hellip;<\/p>\n","protected":false},"author":1,"featured_media":0,"parent":0,"menu_order":0,"comment_status":"closed","ping_status":"closed","template":"","meta":{"footnotes":""},"class_list":["post-4207","page","type-page","status-publish","hentry"],"yoast_head":"<!-- This site is optimized with the Yoast SEO plugin v27.0 - https:\/\/yoast.com\/product\/yoast-seo-wordpress\/ -->\n<title>Offre ing\u00e9nieur\/ing\u00e9nieure projeteur - Bureau technique - Indusal Maquinaria Industrial<\/title>\n<meta name=\"robots\" content=\"index, follow, max-snippet:-1, max-image-preview:large, max-video-preview:-1\" \/>\n<link rel=\"canonical\" href=\"https:\/\/indusalcoop.es\/fr\/offre-ingenieur-ingenieure-projeteur-bureau-technique\/\" \/>\n<meta property=\"og:locale\" content=\"fr_FR\" \/>\n<meta property=\"og:type\" content=\"article\" \/>\n<meta property=\"og:title\" content=\"Offre ing\u00e9nieur\/ing\u00e9nieure projeteur - Bureau technique - Indusal Maquinaria Industrial\" \/>\n<meta property=\"og:description\" content=\"DESCRIPTION DE L\u2019OFFRE Nous recherchons un\/une ING\u00c9NIEUR\/E PROJETEUR \u2013 BUREAU TECHNIQUE pour une soci\u00e9t\u00e9 d\u2019ing\u00e9nierie sp\u00e9cialis\u00e9e dans la conception et la fabrication de machines et d\u2019installations industrielles. Sous la responsabilit\u00e9 du chef du Bureau Technique, ses principales missions seront : &hellip;\" \/>\n<meta property=\"og:url\" content=\"https:\/\/indusalcoop.es\/fr\/offre-ingenieur-ingenieure-projeteur-bureau-technique\/\" \/>\n<meta property=\"og:site_name\" content=\"Indusal Maquinaria Industrial\" \/>\n<meta property=\"article:modified_time\" content=\"2025-10-11T16:17:44+00:00\" \/>\n<meta name=\"twitter:card\" content=\"summary_large_image\" \/>\n<meta name=\"twitter:label1\" content=\"Dur\u00e9e de lecture estim\u00e9e\" \/>\n\t<meta name=\"twitter:data1\" content=\"1 minute\" \/>\n<script type=\"application\/ld+json\" class=\"yoast-schema-graph\">{\"@context\":\"https:\/\/schema.org\",\"@graph\":[{\"@type\":\"WebPage\",\"@id\":\"https:\/\/indusalcoop.es\/fr\/offre-ingenieur-ingenieure-projeteur-bureau-technique\/\",\"url\":\"https:\/\/indusalcoop.es\/fr\/offre-ingenieur-ingenieure-projeteur-bureau-technique\/\",\"name\":\"Offre ing\u00e9nieur\/ing\u00e9nieure projeteur - Bureau technique - Indusal Maquinaria Industrial\",\"isPartOf\":{\"@id\":\"https:\/\/indusalcoop.es\/#website\"},\"datePublished\":\"2019-09-24T08:10:56+00:00\",\"dateModified\":\"2025-10-11T16:17:44+00:00\",\"breadcrumb\":{\"@id\":\"https:\/\/indusalcoop.es\/fr\/offre-ingenieur-ingenieure-projeteur-bureau-technique\/#breadcrumb\"},\"inLanguage\":\"fr-FR\",\"potentialAction\":[{\"@type\":\"ReadAction\",\"target\":[\"https:\/\/indusalcoop.es\/fr\/offre-ingenieur-ingenieure-projeteur-bureau-technique\/\"]}]},{\"@type\":\"BreadcrumbList\",\"@id\":\"https:\/\/indusalcoop.es\/fr\/offre-ingenieur-ingenieure-projeteur-bureau-technique\/#breadcrumb\",\"itemListElement\":[{\"@type\":\"ListItem\",\"position\":1,\"name\":\"Portada\",\"item\":\"https:\/\/indusalcoop.es\/fr\/\"},{\"@type\":\"ListItem\",\"position\":2,\"name\":\"Offre ing\u00e9nieur\/ing\u00e9nieure projeteur &#8211; Bureau technique\"}]},{\"@type\":\"WebSite\",\"@id\":\"https:\/\/indusalcoop.es\/#website\",\"url\":\"https:\/\/indusalcoop.es\/\",\"name\":\"Indusal Maquinaria Industrial\",\"description\":\"Indusal Maquinaria Industrial\",\"potentialAction\":[{\"@type\":\"SearchAction\",\"target\":{\"@type\":\"EntryPoint\",\"urlTemplate\":\"https:\/\/indusalcoop.es\/?s={search_term_string}\"},\"query-input\":{\"@type\":\"PropertyValueSpecification\",\"valueRequired\":true,\"valueName\":\"search_term_string\"}}],\"inLanguage\":\"fr-FR\"}]}<\/script>\n<!-- \/ Yoast SEO plugin. -->","yoast_head_json":{"title":"Offre ing\u00e9nieur\/ing\u00e9nieure projeteur - Bureau technique - Indusal Maquinaria Industrial","robots":{"index":"index","follow":"follow","max-snippet":"max-snippet:-1","max-image-preview":"max-image-preview:large","max-video-preview":"max-video-preview:-1"},"canonical":"https:\/\/indusalcoop.es\/fr\/offre-ingenieur-ingenieure-projeteur-bureau-technique\/","og_locale":"fr_FR","og_type":"article","og_title":"Offre ing\u00e9nieur\/ing\u00e9nieure projeteur - Bureau technique - Indusal Maquinaria Industrial","og_description":"DESCRIPTION DE L\u2019OFFRE Nous recherchons un\/une ING\u00c9NIEUR\/E PROJETEUR \u2013 BUREAU TECHNIQUE pour une soci\u00e9t\u00e9 d\u2019ing\u00e9nierie sp\u00e9cialis\u00e9e dans la conception et la fabrication de machines et d\u2019installations industrielles. Sous la responsabilit\u00e9 du chef du Bureau Technique, ses principales missions seront : &hellip;","og_url":"https:\/\/indusalcoop.es\/fr\/offre-ingenieur-ingenieure-projeteur-bureau-technique\/","og_site_name":"Indusal Maquinaria Industrial","article_modified_time":"2025-10-11T16:17:44+00:00","twitter_card":"summary_large_image","twitter_misc":{"Dur\u00e9e de lecture estim\u00e9e":"1 minute"},"schema":{"@context":"https:\/\/schema.org","@graph":[{"@type":"WebPage","@id":"https:\/\/indusalcoop.es\/fr\/offre-ingenieur-ingenieure-projeteur-bureau-technique\/","url":"https:\/\/indusalcoop.es\/fr\/offre-ingenieur-ingenieure-projeteur-bureau-technique\/","name":"Offre ing\u00e9nieur\/ing\u00e9nieure projeteur - Bureau technique - Indusal Maquinaria Industrial","isPartOf":{"@id":"https:\/\/indusalcoop.es\/#website"},"datePublished":"2019-09-24T08:10:56+00:00","dateModified":"2025-10-11T16:17:44+00:00","breadcrumb":{"@id":"https:\/\/indusalcoop.es\/fr\/offre-ingenieur-ingenieure-projeteur-bureau-technique\/#breadcrumb"},"inLanguage":"fr-FR","potentialAction":[{"@type":"ReadAction","target":["https:\/\/indusalcoop.es\/fr\/offre-ingenieur-ingenieure-projeteur-bureau-technique\/"]}]},{"@type":"BreadcrumbList","@id":"https:\/\/indusalcoop.es\/fr\/offre-ingenieur-ingenieure-projeteur-bureau-technique\/#breadcrumb","itemListElement":[{"@type":"ListItem","position":1,"name":"Portada","item":"https:\/\/indusalcoop.es\/fr\/"},{"@type":"ListItem","position":2,"name":"Offre ing\u00e9nieur\/ing\u00e9nieure projeteur &#8211; Bureau technique"}]},{"@type":"WebSite","@id":"https:\/\/indusalcoop.es\/#website","url":"https:\/\/indusalcoop.es\/","name":"Indusal Maquinaria Industrial","description":"Indusal Maquinaria Industrial","potentialAction":[{"@type":"SearchAction","target":{"@type":"EntryPoint","urlTemplate":"https:\/\/indusalcoop.es\/?s={search_term_string}"},"query-input":{"@type":"PropertyValueSpecification","valueRequired":true,"valueName":"search_term_string"}}],"inLanguage":"fr-FR"}]}},"_links":{"self":[{"href":"https:\/\/indusalcoop.es\/fr\/wp-json\/wp\/v2\/pages\/4207","targetHints":{"allow":["GET"]}}],"collection":[{"href":"https:\/\/indusalcoop.es\/fr\/wp-json\/wp\/v2\/pages"}],"about":[{"href":"https:\/\/indusalcoop.es\/fr\/wp-json\/wp\/v2\/types\/page"}],"author":[{"embeddable":true,"href":"https:\/\/indusalcoop.es\/fr\/wp-json\/wp\/v2\/users\/1"}],"replies":[{"embeddable":true,"href":"https:\/\/indusalcoop.es\/fr\/wp-json\/wp\/v2\/comments?post=4207"}],"version-history":[{"count":2,"href":"https:\/\/indusalcoop.es\/fr\/wp-json\/wp\/v2\/pages\/4207\/revisions"}],"predecessor-version":[{"id":4209,"href":"https:\/\/indusalcoop.es\/fr\/wp-json\/wp\/v2\/pages\/4207\/revisions\/4209"}],"wp:attachment":[{"href":"https:\/\/indusalcoop.es\/fr\/wp-json\/wp\/v2\/media?parent=4207"}],"curies":[{"name":"wp","href":"https:\/\/api.w.org\/{rel}","templated":true}]}}