{"id":4201,"date":"2018-09-14T21:36:55","date_gmt":"2018-09-14T19:36:55","guid":{"rendered":"https:\/\/indusalcoop.es\/empresa\/"},"modified":"2025-10-14T14:19:08","modified_gmt":"2025-10-14T12:19:08","slug":"entreprise","status":"publish","type":"page","link":"https:\/\/indusalcoop.es\/fr\/entreprise\/","title":{"rendered":"Entreprise"},"content":{"rendered":"<div class=\"wpb-content-wrapper\"><p>[vc_row css=\u00a0\u00bb.vc_custom_1453476883637{margin-bottom: 15px !important;}\u00a0\u00bb][vc_column]<div class=\"gallery-fs\"><figure><img decoding=\"async\" src=\"https:\/\/indusalcoop.es\/wp-content\/uploads\/2022\/02\/WEB-174-INDUSAL-25Enero2019-LG.jpg\" alt=\"\"><figcaption>R\u00e9ception Indusal<\/figcaption><\/figure><div class=\"gallery-fs-nav\"><button class=\"gallery-fs-fullscreen\"><i class=\"fa fa-arrows-alt\"><\/i><\/button><\/div><div class=\"gallery-fs-thumbnails gallery-fs-thumbnails-col-5 owl-carousel\"><a href='https:\/\/indusalcoop.es\/wp-content\/uploads\/2022\/02\/WEB-174-INDUSAL-25Enero2019-LG.jpg' data-caption='R\u00e9ception Indusal' title='R\u00e9ception Indusal' class=\"selected\"><img loading=\"lazy\" decoding=\"async\" width=\"280\" height=\"210\" src=\"https:\/\/indusalcoop.es\/wp-content\/uploads\/2022\/02\/WEB-174-INDUSAL-25Enero2019-LG-280x210.jpg\" class=\"attachment-anps-gallery-thumb size-anps-gallery-thumb\" alt=\"\" \/><\/a><a href='https:\/\/indusalcoop.es\/wp-content\/uploads\/2022\/02\/WEB-057-INDUSAL-25Enero2019-LG.jpg' data-caption='Bureaux Indusal' title='Bureaux Indusal'><img loading=\"lazy\" decoding=\"async\" width=\"280\" height=\"210\" src=\"https:\/\/indusalcoop.es\/wp-content\/uploads\/2022\/02\/WEB-057-INDUSAL-25Enero2019-LG-280x210.jpg\" class=\"attachment-anps-gallery-thumb size-anps-gallery-thumb\" alt=\"\" \/><\/a><a href='https:\/\/indusalcoop.es\/wp-content\/uploads\/2022\/02\/WEB-176-INDUSAL-25Enero2019-LGPS.jpg' data-caption='Indusal' title='Indusal'><img loading=\"lazy\" decoding=\"async\" width=\"280\" height=\"210\" src=\"https:\/\/indusalcoop.es\/wp-content\/uploads\/2022\/02\/WEB-176-INDUSAL-25Enero2019-LGPS-280x210.jpg\" class=\"attachment-anps-gallery-thumb size-anps-gallery-thumb\" alt=\"\" \/><\/a><a href='https:\/\/indusalcoop.es\/wp-content\/uploads\/2022\/02\/WEB-016-INDUSAL-25Enero2019-LG.jpg' data-caption='Atelier Indusal' title='Atelier Indusal'><img loading=\"lazy\" decoding=\"async\" width=\"280\" height=\"210\" src=\"https:\/\/indusalcoop.es\/wp-content\/uploads\/2022\/02\/WEB-016-INDUSAL-25Enero2019-LG-280x210.jpg\" class=\"attachment-anps-gallery-thumb size-anps-gallery-thumb\" alt=\"\" \/><\/a><a href='https:\/\/indusalcoop.es\/wp-content\/uploads\/2022\/02\/WEB-002-INDUSAL-25Enero2019-LG.jpg' data-caption='Int\u00e9rieur Indusal' title='Int\u00e9rieur Indusal'><img loading=\"lazy\" decoding=\"async\" width=\"280\" height=\"210\" src=\"https:\/\/indusalcoop.es\/wp-content\/uploads\/2022\/02\/WEB-002-INDUSAL-25Enero2019-LG-280x210.jpg\" class=\"attachment-anps-gallery-thumb size-anps-gallery-thumb\" alt=\"\" \/><\/a><a href='https:\/\/indusalcoop.es\/wp-content\/uploads\/2022\/02\/WEB-166-INDUSAL-25Enero2019-LG.jpg' data-caption='Fa\u00e7ade Indusal' title='Fa\u00e7ade Indusal'><img loading=\"lazy\" decoding=\"async\" width=\"280\" height=\"210\" src=\"https:\/\/indusalcoop.es\/wp-content\/uploads\/2022\/02\/WEB-166-INDUSAL-25Enero2019-LG-280x210.jpg\" class=\"attachment-anps-gallery-thumb size-anps-gallery-thumb\" alt=\"\" \/><\/a><\/div><\/div>[\/vc_column][\/vc_row][vc_row][vc_column][vc_custom_heading text=\u00a0\u00bbL\u2019Entreprise\u00a0\u00bb use_theme_fonts=\u00a0\u00bbyes\u00a0\u00bb css=\u00a0\u00bb.vc_custom_1760125384455{margin-bottom: 40px !important;}\u00a0\u00bb el_class=\u00a0\u00bbtitle\u00a0\u00bb][vc_column_text]Nous sommes une entreprise valencienne avec plus de 40 ans d\u2019exp\u00e9rience dans la construction de machines pour le secteur c\u00e9ramique et dans la fabrication de produits destin\u00e9s au traitement et \u00e0 la purification des eaux us\u00e9es industrielles.<\/p>\n<p>Nous disposons d\u2019une large gamme de machines pour la pr\u00e9paration des p\u00e2tes c\u00e9ramiques : broyeurs \u00e0 voie humide, broyage \u00e0 sec, s\u00e9cheurs rotatifs, agitateurs, filtres-presse, etc.<\/p>\n<p>Nous pouvons \u00e9galement \u00e9tudier et fabriquer un produit sp\u00e9cifique adapt\u00e9 \u00e0 chaque besoin de production.<\/p>\n<p>D\u2019autre part, dans notre DIVISION ENVIRONNEMENT, nous fabriquons des produits et des installations destin\u00e9s \u00e0 r\u00e9soudre les probl\u00e8mes d\u2019\u00e9puration des eaux issues des proc\u00e9d\u00e9s industriels :<\/p>\n<p>D\u00e9canteurs lamellaires, \u00e9paississeurs, syst\u00e8mes de dosage, filtres-presse, etc.<\/p>\n<p>Nous offrons \u00e9galement un service complet de maintenance et d\u2019assistance technique.<\/p>\n<p>Nos installations sont situ\u00e9es au Cam\u00ed de la Carretera, 48 \u00e0 Vila-real (Castell\u00f3n), sur une surface de 3 000 m\u00b2.<\/p>\n<p>L\u2019entreprise est compos\u00e9e des d\u00e9partements commercial, ing\u00e9nierie, administration, achats, fabrication et montage.<\/p>\n<p>Tous les d\u00e9partements sont \u00e9troitement connect\u00e9s afin d\u2019assurer une gestion rapide et efficace.[\/vc_column_text][\/vc_column][\/vc_row]<\/p>\n<\/div>","protected":false},"excerpt":{"rendered":"<p>[vc_row css=\u00a0\u00bb.vc_custom_1453476883637{margin-bottom: 15px !important;}\u00a0\u00bb][vc_column][\/vc_column][\/vc_row][vc_row][vc_column][vc_custom_heading text=\u00a0\u00bbL\u2019Entreprise\u00a0\u00bb use_theme_fonts=\u00a0\u00bbyes\u00a0\u00bb css=\u00a0\u00bb.vc_custom_1760125384455{margin-bottom: 40px !important;}\u00a0\u00bb el_class=\u00a0\u00bbtitle\u00a0\u00bb][vc_column_text]Nous sommes une entreprise valencienne avec plus de 40 ans d\u2019exp\u00e9rience dans la construction de machines pour le secteur c\u00e9ramique et dans la fabrication de produits destin\u00e9s au traitement et \u00e0 &hellip;<\/p>\n","protected":false},"author":1,"featured_media":0,"parent":0,"menu_order":0,"comment_status":"closed","ping_status":"closed","template":"","meta":{"footnotes":""},"class_list":["post-4201","page","type-page","status-publish","hentry"],"yoast_head":"<!-- This site is optimized with the Yoast SEO plugin v27.0 - https:\/\/yoast.com\/product\/yoast-seo-wordpress\/ -->\n<title>Entreprise - Indusal Maquinaria Industrial<\/title>\n<meta name=\"robots\" content=\"index, follow, max-snippet:-1, max-image-preview:large, max-video-preview:-1\" \/>\n<link rel=\"canonical\" href=\"https:\/\/indusalcoop.es\/fr\/entreprise\/\" \/>\n<meta property=\"og:locale\" content=\"fr_FR\" \/>\n<meta property=\"og:type\" content=\"article\" \/>\n<meta property=\"og:title\" content=\"Entreprise - Indusal Maquinaria Industrial\" \/>\n<meta property=\"og:description\" content=\"[vc_row css=\u00a0\u00bb.vc_custom_1453476883637{margin-bottom: 15px !important;}\u00a0\u00bb][vc_column][\/vc_column][\/vc_row][vc_row][vc_column][vc_custom_heading text=\u00a0\u00bbL\u2019Entreprise\u00a0\u00bb use_theme_fonts=\u00a0\u00bbyes\u00a0\u00bb css=\u00a0\u00bb.vc_custom_1760125384455{margin-bottom: 40px !important;}\u00a0\u00bb el_class=\u00a0\u00bbtitle\u00a0\u00bb][vc_column_text]Nous sommes une entreprise valencienne avec plus de 40 ans d\u2019exp\u00e9rience dans la construction de machines pour le secteur c\u00e9ramique et dans la fabrication de produits destin\u00e9s au traitement et \u00e0 &hellip;\" \/>\n<meta property=\"og:url\" content=\"https:\/\/indusalcoop.es\/fr\/entreprise\/\" \/>\n<meta property=\"og:site_name\" content=\"Indusal Maquinaria Industrial\" \/>\n<meta property=\"article:modified_time\" content=\"2025-10-14T12:19:08+00:00\" \/>\n<meta name=\"twitter:card\" content=\"summary_large_image\" \/>\n<meta name=\"twitter:label1\" content=\"Dur\u00e9e de lecture estim\u00e9e\" \/>\n\t<meta name=\"twitter:data1\" content=\"1 minute\" \/>\n<script type=\"application\/ld+json\" class=\"yoast-schema-graph\">{\"@context\":\"https:\/\/schema.org\",\"@graph\":[{\"@type\":\"WebPage\",\"@id\":\"https:\/\/indusalcoop.es\/fr\/entreprise\/\",\"url\":\"https:\/\/indusalcoop.es\/fr\/entreprise\/\",\"name\":\"Entreprise - Indusal Maquinaria Industrial\",\"isPartOf\":{\"@id\":\"https:\/\/indusalcoop.es\/#website\"},\"datePublished\":\"2018-09-14T19:36:55+00:00\",\"dateModified\":\"2025-10-14T12:19:08+00:00\",\"breadcrumb\":{\"@id\":\"https:\/\/indusalcoop.es\/fr\/entreprise\/#breadcrumb\"},\"inLanguage\":\"fr-FR\",\"potentialAction\":[{\"@type\":\"ReadAction\",\"target\":[\"https:\/\/indusalcoop.es\/fr\/entreprise\/\"]}]},{\"@type\":\"BreadcrumbList\",\"@id\":\"https:\/\/indusalcoop.es\/fr\/entreprise\/#breadcrumb\",\"itemListElement\":[{\"@type\":\"ListItem\",\"position\":1,\"name\":\"Portada\",\"item\":\"https:\/\/indusalcoop.es\/fr\/\"},{\"@type\":\"ListItem\",\"position\":2,\"name\":\"Entreprise\"}]},{\"@type\":\"WebSite\",\"@id\":\"https:\/\/indusalcoop.es\/#website\",\"url\":\"https:\/\/indusalcoop.es\/\",\"name\":\"Indusal Maquinaria Industrial\",\"description\":\"Indusal Maquinaria Industrial\",\"potentialAction\":[{\"@type\":\"SearchAction\",\"target\":{\"@type\":\"EntryPoint\",\"urlTemplate\":\"https:\/\/indusalcoop.es\/?s={search_term_string}\"},\"query-input\":{\"@type\":\"PropertyValueSpecification\",\"valueRequired\":true,\"valueName\":\"search_term_string\"}}],\"inLanguage\":\"fr-FR\"}]}<\/script>\n<!-- \/ Yoast SEO plugin. -->","yoast_head_json":{"title":"Entreprise - Indusal Maquinaria Industrial","robots":{"index":"index","follow":"follow","max-snippet":"max-snippet:-1","max-image-preview":"max-image-preview:large","max-video-preview":"max-video-preview:-1"},"canonical":"https:\/\/indusalcoop.es\/fr\/entreprise\/","og_locale":"fr_FR","og_type":"article","og_title":"Entreprise - Indusal Maquinaria Industrial","og_description":"[vc_row css=\u00a0\u00bb.vc_custom_1453476883637{margin-bottom: 15px !important;}\u00a0\u00bb][vc_column][\/vc_column][\/vc_row][vc_row][vc_column][vc_custom_heading text=\u00a0\u00bbL\u2019Entreprise\u00a0\u00bb use_theme_fonts=\u00a0\u00bbyes\u00a0\u00bb css=\u00a0\u00bb.vc_custom_1760125384455{margin-bottom: 40px !important;}\u00a0\u00bb el_class=\u00a0\u00bbtitle\u00a0\u00bb][vc_column_text]Nous sommes une entreprise valencienne avec plus de 40 ans d\u2019exp\u00e9rience dans la construction de machines pour le secteur c\u00e9ramique et dans la fabrication de produits destin\u00e9s au traitement et \u00e0 &hellip;","og_url":"https:\/\/indusalcoop.es\/fr\/entreprise\/","og_site_name":"Indusal Maquinaria Industrial","article_modified_time":"2025-10-14T12:19:08+00:00","twitter_card":"summary_large_image","twitter_misc":{"Dur\u00e9e de lecture estim\u00e9e":"1 minute"},"schema":{"@context":"https:\/\/schema.org","@graph":[{"@type":"WebPage","@id":"https:\/\/indusalcoop.es\/fr\/entreprise\/","url":"https:\/\/indusalcoop.es\/fr\/entreprise\/","name":"Entreprise - Indusal Maquinaria Industrial","isPartOf":{"@id":"https:\/\/indusalcoop.es\/#website"},"datePublished":"2018-09-14T19:36:55+00:00","dateModified":"2025-10-14T12:19:08+00:00","breadcrumb":{"@id":"https:\/\/indusalcoop.es\/fr\/entreprise\/#breadcrumb"},"inLanguage":"fr-FR","potentialAction":[{"@type":"ReadAction","target":["https:\/\/indusalcoop.es\/fr\/entreprise\/"]}]},{"@type":"BreadcrumbList","@id":"https:\/\/indusalcoop.es\/fr\/entreprise\/#breadcrumb","itemListElement":[{"@type":"ListItem","position":1,"name":"Portada","item":"https:\/\/indusalcoop.es\/fr\/"},{"@type":"ListItem","position":2,"name":"Entreprise"}]},{"@type":"WebSite","@id":"https:\/\/indusalcoop.es\/#website","url":"https:\/\/indusalcoop.es\/","name":"Indusal Maquinaria Industrial","description":"Indusal Maquinaria Industrial","potentialAction":[{"@type":"SearchAction","target":{"@type":"EntryPoint","urlTemplate":"https:\/\/indusalcoop.es\/?s={search_term_string}"},"query-input":{"@type":"PropertyValueSpecification","valueRequired":true,"valueName":"search_term_string"}}],"inLanguage":"fr-FR"}]}},"_links":{"self":[{"href":"https:\/\/indusalcoop.es\/fr\/wp-json\/wp\/v2\/pages\/4201","targetHints":{"allow":["GET"]}}],"collection":[{"href":"https:\/\/indusalcoop.es\/fr\/wp-json\/wp\/v2\/pages"}],"about":[{"href":"https:\/\/indusalcoop.es\/fr\/wp-json\/wp\/v2\/types\/page"}],"author":[{"embeddable":true,"href":"https:\/\/indusalcoop.es\/fr\/wp-json\/wp\/v2\/users\/1"}],"replies":[{"embeddable":true,"href":"https:\/\/indusalcoop.es\/fr\/wp-json\/wp\/v2\/comments?post=4201"}],"version-history":[{"count":5,"href":"https:\/\/indusalcoop.es\/fr\/wp-json\/wp\/v2\/pages\/4201\/revisions"}],"predecessor-version":[{"id":4434,"href":"https:\/\/indusalcoop.es\/fr\/wp-json\/wp\/v2\/pages\/4201\/revisions\/4434"}],"wp:attachment":[{"href":"https:\/\/indusalcoop.es\/fr\/wp-json\/wp\/v2\/media?parent=4201"}],"curies":[{"name":"wp","href":"https:\/\/api.w.org\/{rel}","templated":true}]}}