{"id":4197,"date":"2018-09-10T09:09:34","date_gmt":"2018-09-10T07:09:34","guid":{"rendered":"https:\/\/indusalcoop.es\/mantenimiento\/"},"modified":"2025-10-14T17:25:57","modified_gmt":"2025-10-14T15:25:57","slug":"maintenance","status":"publish","type":"page","link":"https:\/\/indusalcoop.es\/fr\/maintenance\/","title":{"rendered":"Maintenance"},"content":{"rendered":"<div class=\"wpb-content-wrapper\"><p>[vc_row css=\u00a0\u00bb.vc_custom_1453476883637{margin-bottom: 15px !important;}\u00a0\u00bb][vc_column]<div class=\"gallery-fs\"><figure><img decoding=\"async\" src=\"https:\/\/indusalcoop.es\/wp-content\/uploads\/2018\/09\/slide-home-03b-indusal.jpg\" alt=\"Maintenance de machines industrielles\"><figcaption>Maintenance de machines industrielles<\/figcaption><\/figure><div class=\"gallery-fs-nav\"><button class=\"gallery-fs-fullscreen\"><i class=\"fa fa-arrows-alt\"><\/i><\/button><\/div><div class=\"gallery-fs-thumbnails gallery-fs-thumbnails-col-5 owl-carousel\"><a href='https:\/\/indusalcoop.es\/wp-content\/uploads\/2018\/09\/slide-home-03b-indusal.jpg' data-caption='Maintenance de machines industrielles' title='Maintenance de machines industrielles' class=\"selected\"><img loading=\"lazy\" decoding=\"async\" width=\"280\" height=\"210\" src=\"https:\/\/indusalcoop.es\/wp-content\/uploads\/2018\/09\/slide-home-03b-indusal-280x210.jpg\" class=\"attachment-anps-gallery-thumb size-anps-gallery-thumb\" alt=\"Maintenance de machines industrielles\" \/><\/a><a href='https:\/\/indusalcoop.es\/wp-content\/uploads\/2018\/09\/mantenimiento-indusal-1.jpg' data-caption='Maintenance de machines industrielles' title='Maintenance de machines industrielles'><img loading=\"lazy\" decoding=\"async\" width=\"280\" height=\"210\" src=\"https:\/\/indusalcoop.es\/wp-content\/uploads\/2018\/09\/mantenimiento-indusal-1-280x210.jpg\" class=\"attachment-anps-gallery-thumb size-anps-gallery-thumb\" alt=\"Maintenance de machines industrielles\" \/><\/a><a href='https:\/\/indusalcoop.es\/wp-content\/uploads\/2018\/09\/mantenimiento-indusal-2.jpg' data-caption='Maintenance de machines industrielles' title='Maintenance de machines industrielles'><img loading=\"lazy\" decoding=\"async\" width=\"280\" height=\"210\" src=\"https:\/\/indusalcoop.es\/wp-content\/uploads\/2018\/09\/mantenimiento-indusal-2-280x210.jpg\" class=\"attachment-anps-gallery-thumb size-anps-gallery-thumb\" alt=\"Maintenance de machines industrielles\" srcset=\"https:\/\/indusalcoop.es\/wp-content\/uploads\/2018\/09\/mantenimiento-indusal-2-280x210.jpg 280w, https:\/\/indusalcoop.es\/wp-content\/uploads\/2018\/09\/mantenimiento-indusal-2-300x225.jpg 300w, https:\/\/indusalcoop.es\/wp-content\/uploads\/2018\/09\/mantenimiento-indusal-2-768x575.jpg 768w, https:\/\/indusalcoop.es\/wp-content\/uploads\/2018\/09\/mantenimiento-indusal-2.jpg 1024w\" sizes=\"auto, (max-width: 280px) 100vw, 280px\" \/><\/a><a href='https:\/\/indusalcoop.es\/wp-content\/uploads\/2018\/09\/mantenimiento-indusal-3.jpg' data-caption='Maintenance de machines industrielles' title='Maintenance de machines industrielles'><img loading=\"lazy\" decoding=\"async\" width=\"280\" height=\"210\" src=\"https:\/\/indusalcoop.es\/wp-content\/uploads\/2018\/09\/mantenimiento-indusal-3-280x210.jpg\" class=\"attachment-anps-gallery-thumb size-anps-gallery-thumb\" alt=\"Maintenance de machines industrielles\" srcset=\"https:\/\/indusalcoop.es\/wp-content\/uploads\/2018\/09\/mantenimiento-indusal-3-280x210.jpg 280w, https:\/\/indusalcoop.es\/wp-content\/uploads\/2018\/09\/mantenimiento-indusal-3-300x225.jpg 300w, https:\/\/indusalcoop.es\/wp-content\/uploads\/2018\/09\/mantenimiento-indusal-3-768x575.jpg 768w, https:\/\/indusalcoop.es\/wp-content\/uploads\/2018\/09\/mantenimiento-indusal-3.jpg 1024w\" sizes=\"auto, (max-width: 280px) 100vw, 280px\" \/><\/a><a href='https:\/\/indusalcoop.es\/wp-content\/uploads\/2018\/09\/mantenimiento-indusal-4.jpg' data-caption='Maintenance de machines industrielles' title='Maintenance de machines industrielles'><img loading=\"lazy\" decoding=\"async\" width=\"280\" height=\"210\" src=\"https:\/\/indusalcoop.es\/wp-content\/uploads\/2018\/09\/mantenimiento-indusal-4-280x210.jpg\" class=\"attachment-anps-gallery-thumb size-anps-gallery-thumb\" alt=\"Maintenance de machines industrielles\" \/><\/a><\/div><\/div>[\/vc_column][\/vc_row][vc_row][vc_column][vc_custom_heading text=\u00a0\u00bbMaintenance\u00a0\u00bb use_theme_fonts=\u00a0\u00bbyes\u00a0\u00bb css=\u00a0\u00bb.vc_custom_1760125770682{margin-bottom: 40px !important;}\u00a0\u00bb el_class=\u00a0\u00bbtitle\u00a0\u00bb][vc_column_text]Indusal dispose d\u2019une \u00e9quipe exp\u00e9riment\u00e9e et de moyens techniques permettant d\u2019offrir \u00e0 nos clients un excellent service de r\u00e9paration et de maintenance, parmi lesquels nous pouvons citer :<\/p>\n<ul>\n<li>Broyeurs \u00e0 boulets<\/li>\n<li>Agitateurs<\/li>\n<li>Filtres-presse<\/li>\n<li>S\u00e9cheurs rotatifs<\/li>\n<li>\u00c9l\u00e9vateurs \u00e0 godets<\/li>\n<li>Convoyeurs \u00e0 bande<\/li>\n<li>Vis sans fin<\/li>\n<li>Travaux de chaudronnerie<\/li>\n<li>Travaux d\u2019usinage<\/li>\n<\/ul>\n<p>[\/vc_column_text][\/vc_column][\/vc_row]<\/p>\n<\/div>","protected":false},"excerpt":{"rendered":"<p>[vc_row css=\u00a0\u00bb.vc_custom_1453476883637{margin-bottom: 15px !important;}\u00a0\u00bb][vc_column][\/vc_column][\/vc_row][vc_row][vc_column][vc_custom_heading text=\u00a0\u00bbMaintenance\u00a0\u00bb use_theme_fonts=\u00a0\u00bbyes\u00a0\u00bb css=\u00a0\u00bb.vc_custom_1760125770682{margin-bottom: 40px !important;}\u00a0\u00bb el_class=\u00a0\u00bbtitle\u00a0\u00bb][vc_column_text]Indusal dispose d\u2019une \u00e9quipe exp\u00e9riment\u00e9e et de moyens techniques permettant d\u2019offrir \u00e0 nos clients un excellent service de r\u00e9paration et de maintenance, parmi lesquels nous pouvons citer : Broyeurs \u00e0 boulets &hellip;<\/p>\n","protected":false},"author":1,"featured_media":0,"parent":0,"menu_order":0,"comment_status":"closed","ping_status":"closed","template":"","meta":{"footnotes":""},"class_list":["post-4197","page","type-page","status-publish","hentry"],"yoast_head":"<!-- This site is optimized with the Yoast SEO plugin v27.0 - https:\/\/yoast.com\/product\/yoast-seo-wordpress\/ -->\n<title>Maintenance - Indusal Maquinaria Industrial<\/title>\n<meta name=\"robots\" content=\"index, follow, max-snippet:-1, max-image-preview:large, max-video-preview:-1\" \/>\n<link rel=\"canonical\" href=\"https:\/\/indusalcoop.es\/fr\/maintenance\/\" \/>\n<meta property=\"og:locale\" content=\"fr_FR\" \/>\n<meta property=\"og:type\" content=\"article\" \/>\n<meta property=\"og:title\" content=\"Maintenance - Indusal Maquinaria Industrial\" \/>\n<meta property=\"og:description\" content=\"[vc_row css=\u00a0\u00bb.vc_custom_1453476883637{margin-bottom: 15px !important;}\u00a0\u00bb][vc_column][\/vc_column][\/vc_row][vc_row][vc_column][vc_custom_heading text=\u00a0\u00bbMaintenance\u00a0\u00bb use_theme_fonts=\u00a0\u00bbyes\u00a0\u00bb css=\u00a0\u00bb.vc_custom_1760125770682{margin-bottom: 40px !important;}\u00a0\u00bb el_class=\u00a0\u00bbtitle\u00a0\u00bb][vc_column_text]Indusal dispose d\u2019une \u00e9quipe exp\u00e9riment\u00e9e et de moyens techniques permettant d\u2019offrir \u00e0 nos clients un excellent service de r\u00e9paration et de maintenance, parmi lesquels nous pouvons citer : Broyeurs \u00e0 boulets &hellip;\" \/>\n<meta property=\"og:url\" content=\"https:\/\/indusalcoop.es\/fr\/maintenance\/\" \/>\n<meta property=\"og:site_name\" content=\"Indusal Maquinaria Industrial\" \/>\n<meta property=\"article:modified_time\" content=\"2025-10-14T15:25:57+00:00\" \/>\n<meta name=\"twitter:card\" content=\"summary_large_image\" \/>\n<meta name=\"twitter:label1\" content=\"Dur\u00e9e de lecture estim\u00e9e\" \/>\n\t<meta name=\"twitter:data1\" content=\"2 minutes\" \/>\n<script type=\"application\/ld+json\" class=\"yoast-schema-graph\">{\"@context\":\"https:\/\/schema.org\",\"@graph\":[{\"@type\":\"WebPage\",\"@id\":\"https:\/\/indusalcoop.es\/fr\/maintenance\/\",\"url\":\"https:\/\/indusalcoop.es\/fr\/maintenance\/\",\"name\":\"Maintenance - Indusal Maquinaria Industrial\",\"isPartOf\":{\"@id\":\"https:\/\/indusalcoop.es\/#website\"},\"datePublished\":\"2018-09-10T07:09:34+00:00\",\"dateModified\":\"2025-10-14T15:25:57+00:00\",\"breadcrumb\":{\"@id\":\"https:\/\/indusalcoop.es\/fr\/maintenance\/#breadcrumb\"},\"inLanguage\":\"fr-FR\",\"potentialAction\":[{\"@type\":\"ReadAction\",\"target\":[\"https:\/\/indusalcoop.es\/fr\/maintenance\/\"]}]},{\"@type\":\"BreadcrumbList\",\"@id\":\"https:\/\/indusalcoop.es\/fr\/maintenance\/#breadcrumb\",\"itemListElement\":[{\"@type\":\"ListItem\",\"position\":1,\"name\":\"Portada\",\"item\":\"https:\/\/indusalcoop.es\/fr\/\"},{\"@type\":\"ListItem\",\"position\":2,\"name\":\"Maintenance\"}]},{\"@type\":\"WebSite\",\"@id\":\"https:\/\/indusalcoop.es\/#website\",\"url\":\"https:\/\/indusalcoop.es\/\",\"name\":\"Indusal Maquinaria Industrial\",\"description\":\"Indusal Maquinaria Industrial\",\"potentialAction\":[{\"@type\":\"SearchAction\",\"target\":{\"@type\":\"EntryPoint\",\"urlTemplate\":\"https:\/\/indusalcoop.es\/?s={search_term_string}\"},\"query-input\":{\"@type\":\"PropertyValueSpecification\",\"valueRequired\":true,\"valueName\":\"search_term_string\"}}],\"inLanguage\":\"fr-FR\"}]}<\/script>\n<!-- \/ Yoast SEO plugin. -->","yoast_head_json":{"title":"Maintenance - Indusal Maquinaria Industrial","robots":{"index":"index","follow":"follow","max-snippet":"max-snippet:-1","max-image-preview":"max-image-preview:large","max-video-preview":"max-video-preview:-1"},"canonical":"https:\/\/indusalcoop.es\/fr\/maintenance\/","og_locale":"fr_FR","og_type":"article","og_title":"Maintenance - Indusal Maquinaria Industrial","og_description":"[vc_row css=\u00a0\u00bb.vc_custom_1453476883637{margin-bottom: 15px !important;}\u00a0\u00bb][vc_column][\/vc_column][\/vc_row][vc_row][vc_column][vc_custom_heading text=\u00a0\u00bbMaintenance\u00a0\u00bb use_theme_fonts=\u00a0\u00bbyes\u00a0\u00bb css=\u00a0\u00bb.vc_custom_1760125770682{margin-bottom: 40px !important;}\u00a0\u00bb el_class=\u00a0\u00bbtitle\u00a0\u00bb][vc_column_text]Indusal dispose d\u2019une \u00e9quipe exp\u00e9riment\u00e9e et de moyens techniques permettant d\u2019offrir \u00e0 nos clients un excellent service de r\u00e9paration et de maintenance, parmi lesquels nous pouvons citer : Broyeurs \u00e0 boulets &hellip;","og_url":"https:\/\/indusalcoop.es\/fr\/maintenance\/","og_site_name":"Indusal Maquinaria Industrial","article_modified_time":"2025-10-14T15:25:57+00:00","twitter_card":"summary_large_image","twitter_misc":{"Dur\u00e9e de lecture estim\u00e9e":"2 minutes"},"schema":{"@context":"https:\/\/schema.org","@graph":[{"@type":"WebPage","@id":"https:\/\/indusalcoop.es\/fr\/maintenance\/","url":"https:\/\/indusalcoop.es\/fr\/maintenance\/","name":"Maintenance - Indusal Maquinaria Industrial","isPartOf":{"@id":"https:\/\/indusalcoop.es\/#website"},"datePublished":"2018-09-10T07:09:34+00:00","dateModified":"2025-10-14T15:25:57+00:00","breadcrumb":{"@id":"https:\/\/indusalcoop.es\/fr\/maintenance\/#breadcrumb"},"inLanguage":"fr-FR","potentialAction":[{"@type":"ReadAction","target":["https:\/\/indusalcoop.es\/fr\/maintenance\/"]}]},{"@type":"BreadcrumbList","@id":"https:\/\/indusalcoop.es\/fr\/maintenance\/#breadcrumb","itemListElement":[{"@type":"ListItem","position":1,"name":"Portada","item":"https:\/\/indusalcoop.es\/fr\/"},{"@type":"ListItem","position":2,"name":"Maintenance"}]},{"@type":"WebSite","@id":"https:\/\/indusalcoop.es\/#website","url":"https:\/\/indusalcoop.es\/","name":"Indusal Maquinaria Industrial","description":"Indusal Maquinaria Industrial","potentialAction":[{"@type":"SearchAction","target":{"@type":"EntryPoint","urlTemplate":"https:\/\/indusalcoop.es\/?s={search_term_string}"},"query-input":{"@type":"PropertyValueSpecification","valueRequired":true,"valueName":"search_term_string"}}],"inLanguage":"fr-FR"}]}},"_links":{"self":[{"href":"https:\/\/indusalcoop.es\/fr\/wp-json\/wp\/v2\/pages\/4197","targetHints":{"allow":["GET"]}}],"collection":[{"href":"https:\/\/indusalcoop.es\/fr\/wp-json\/wp\/v2\/pages"}],"about":[{"href":"https:\/\/indusalcoop.es\/fr\/wp-json\/wp\/v2\/types\/page"}],"author":[{"embeddable":true,"href":"https:\/\/indusalcoop.es\/fr\/wp-json\/wp\/v2\/users\/1"}],"replies":[{"embeddable":true,"href":"https:\/\/indusalcoop.es\/fr\/wp-json\/wp\/v2\/comments?post=4197"}],"version-history":[{"count":3,"href":"https:\/\/indusalcoop.es\/fr\/wp-json\/wp\/v2\/pages\/4197\/revisions"}],"predecessor-version":[{"id":4437,"href":"https:\/\/indusalcoop.es\/fr\/wp-json\/wp\/v2\/pages\/4197\/revisions\/4437"}],"wp:attachment":[{"href":"https:\/\/indusalcoop.es\/fr\/wp-json\/wp\/v2\/media?parent=4197"}],"curies":[{"name":"wp","href":"https:\/\/api.w.org\/{rel}","templated":true}]}}