{"id":4193,"date":"2018-09-09T21:41:57","date_gmt":"2018-09-09T19:41:57","guid":{"rendered":"https:\/\/indusalcoop.es\/servicios-de-ingenieria\/"},"modified":"2025-10-14T14:38:35","modified_gmt":"2025-10-14T12:38:35","slug":"services-dingenierie","status":"publish","type":"page","link":"https:\/\/indusalcoop.es\/fr\/services-dingenierie\/","title":{"rendered":"Services d\u2019ing\u00e9nierie"},"content":{"rendered":"<div class=\"wpb-content-wrapper\"><p>[vc_row css=\u00a0\u00bb.vc_custom_1453476883637{margin-bottom: 15px !important;}\u00a0\u00bb][vc_column]<div class=\"gallery-fs\"><figure><img decoding=\"async\" src=\"https:\/\/indusalcoop.es\/wp-content\/uploads\/2022\/02\/INGENIERIA-1-1.jpg\" alt=\"\"><figcaption>Services d\u2019ing\u00e9nierie<\/figcaption><\/figure><div class=\"gallery-fs-nav\"><button class=\"gallery-fs-fullscreen\"><i class=\"fa fa-arrows-alt\"><\/i><\/button><\/div><div class=\"gallery-fs-thumbnails gallery-fs-thumbnails-col-5 owl-carousel\"><a href='https:\/\/indusalcoop.es\/wp-content\/uploads\/2022\/02\/INGENIERIA-1-1.jpg' data-caption='Services d\u2019ing\u00e9nierie' title='Services d\u2019ing\u00e9nierie' class=\"selected\"><img loading=\"lazy\" decoding=\"async\" width=\"280\" height=\"210\" src=\"https:\/\/indusalcoop.es\/wp-content\/uploads\/2022\/02\/INGENIERIA-1-1-280x210.jpg\" class=\"attachment-anps-gallery-thumb size-anps-gallery-thumb\" alt=\"\" \/><\/a><a href='https:\/\/indusalcoop.es\/wp-content\/uploads\/2022\/02\/INGENIERIA-2-1.jpg' data-caption='Services d\u2019ing\u00e9nierie' title='Services d\u2019ing\u00e9nierie'><img loading=\"lazy\" decoding=\"async\" width=\"280\" height=\"210\" src=\"https:\/\/indusalcoop.es\/wp-content\/uploads\/2022\/02\/INGENIERIA-2-1-280x210.jpg\" class=\"attachment-anps-gallery-thumb size-anps-gallery-thumb\" alt=\"\" \/><\/a><a href='https:\/\/indusalcoop.es\/wp-content\/uploads\/2022\/02\/INGENIERIA-3-1.jpg' data-caption='Services d\u2019ing\u00e9nierie' title='Services d\u2019ing\u00e9nierie'><img loading=\"lazy\" decoding=\"async\" width=\"280\" height=\"210\" src=\"https:\/\/indusalcoop.es\/wp-content\/uploads\/2022\/02\/INGENIERIA-3-1-280x210.jpg\" class=\"attachment-anps-gallery-thumb size-anps-gallery-thumb\" alt=\"\" \/><\/a><a href='https:\/\/indusalcoop.es\/wp-content\/uploads\/2022\/02\/INGENIERIA-4-1.jpg' data-caption='Services d\u2019ing\u00e9nierie' title='Services d\u2019ing\u00e9nierie'><img loading=\"lazy\" decoding=\"async\" width=\"280\" height=\"210\" src=\"https:\/\/indusalcoop.es\/wp-content\/uploads\/2022\/02\/INGENIERIA-4-1-280x210.jpg\" class=\"attachment-anps-gallery-thumb size-anps-gallery-thumb\" alt=\"\" \/><\/a><a href='https:\/\/indusalcoop.es\/wp-content\/uploads\/2022\/02\/INGENIERIA-5-1.jpg' data-caption='Services d\u2019ing\u00e9nierie' title='Services d\u2019ing\u00e9nierie'><img loading=\"lazy\" decoding=\"async\" width=\"280\" height=\"210\" src=\"https:\/\/indusalcoop.es\/wp-content\/uploads\/2022\/02\/INGENIERIA-5-1-280x210.jpg\" class=\"attachment-anps-gallery-thumb size-anps-gallery-thumb\" alt=\"\" \/><\/a><a href='https:\/\/indusalcoop.es\/wp-content\/uploads\/2022\/02\/INGENIERIA-6-1.png' data-caption='Services d\u2019ing\u00e9nierie' title='Services d\u2019ing\u00e9nierie'><img loading=\"lazy\" decoding=\"async\" width=\"280\" height=\"210\" src=\"https:\/\/indusalcoop.es\/wp-content\/uploads\/2022\/02\/INGENIERIA-6-1-280x210.png\" class=\"attachment-anps-gallery-thumb size-anps-gallery-thumb\" alt=\"\" \/><\/a><\/div><\/div>[\/vc_column][\/vc_row][vc_row][vc_column][vc_custom_heading text=\u00a0\u00bbServices d\u2019ing\u00e9nierie\u00a0\u00bb use_theme_fonts=\u00a0\u00bbyes\u00a0\u00bb css=\u00a0\u00bb.vc_custom_1760125585791{margin-bottom: 40px !important;}\u00a0\u00bb el_class=\u00a0\u00bbtitle\u00a0\u00bb][vc_column_text]Nous disposons d\u2019un d\u00e9partement d\u2019ing\u00e9nierie interne, charg\u00e9 de la conception et de l\u2019analyse des installations que nous fabriquons, afin d\u2019obtenir le plus haut degr\u00e9 d\u2019adaptation aux besoins de nos clients.<\/p>\n<p>Ce d\u00e9partement est totalement int\u00e9gr\u00e9 au d\u00e9partement de production. Le flux constant d\u2019informations entre les deux d\u00e9partements permet d\u2019optimiser le processus de fabrication et d\u2019am\u00e9liorer chaque jour la conception de chaque installation.<\/p>\n<p>Chaque installation est analys\u00e9e au moyen de syst\u00e8mes de conception en 2D et 3D, en fonction des besoins de chaque projet.<\/p>\n<p>Actuellement, la complexit\u00e9 croissante des installations que nous fabriquons implique une utilisation accrue des technologies de conception et de calcul en 3D.<\/p>\n<p>Cela permet une visualisation pr\u00e9cise de l\u2019installation, et le client peut ainsi conna\u00eetre en d\u00e9tail la conception de son installation.<\/p>\n<p>Principales fonctions du d\u00e9partement de conception et d\u2019ing\u00e9nierie :<\/p>\n<ul>\n<li>Conception des machines et types d\u2019installations que nous fabriquons.<\/li>\n<li>Calcul des structures, machines et produits.<\/li>\n<li>Calcul et contr\u00f4le du planning de travail.<\/li>\n<li>Ing\u00e9nierie de d\u00e9tail.<\/li>\n<li>R\u00e9alisation des plans de fabrication.<\/li>\n<li>Approvisionnement en mat\u00e9riaux et composants.<\/li>\n<li>Direction et supervision des travaux.<\/li>\n<li>Contr\u00f4le de qualit\u00e9.<\/li>\n<\/ul>\n<p>De plus, dans notre bureau technique, votre produit est \u00e0 nouveau con\u00e7u gr\u00e2ce \u00e0 notre \u00e9quipe d\u2019ing\u00e9nieurs et de dessinateurs.<\/p>\n<p>De cette mani\u00e8re, vous pourrez conna\u00eetre chaque d\u00e9tail de vos machines, am\u00e9liorant consid\u00e9rablement le processus de production et les performances.[\/vc_column_text][\/vc_column][\/vc_row]<\/p>\n<\/div>","protected":false},"excerpt":{"rendered":"<p>[vc_row css=\u00a0\u00bb.vc_custom_1453476883637{margin-bottom: 15px !important;}\u00a0\u00bb][vc_column][\/vc_column][\/vc_row][vc_row][vc_column][vc_custom_heading text=\u00a0\u00bbServices d\u2019ing\u00e9nierie\u00a0\u00bb use_theme_fonts=\u00a0\u00bbyes\u00a0\u00bb css=\u00a0\u00bb.vc_custom_1760125585791{margin-bottom: 40px !important;}\u00a0\u00bb el_class=\u00a0\u00bbtitle\u00a0\u00bb][vc_column_text]Nous disposons d\u2019un d\u00e9partement d\u2019ing\u00e9nierie interne, charg\u00e9 de la conception et de l\u2019analyse des installations que nous fabriquons, afin d\u2019obtenir le plus haut degr\u00e9 d\u2019adaptation aux besoins de nos clients. &hellip;<\/p>\n","protected":false},"author":1,"featured_media":0,"parent":0,"menu_order":0,"comment_status":"closed","ping_status":"closed","template":"","meta":{"footnotes":""},"class_list":["post-4193","page","type-page","status-publish","hentry"],"yoast_head":"<!-- This site is optimized with the Yoast SEO plugin v27.0 - https:\/\/yoast.com\/product\/yoast-seo-wordpress\/ -->\n<title>Services d\u2019ing\u00e9nierie - Indusal Maquinaria Industrial<\/title>\n<meta name=\"robots\" content=\"index, follow, max-snippet:-1, max-image-preview:large, max-video-preview:-1\" \/>\n<link rel=\"canonical\" href=\"https:\/\/indusalcoop.es\/fr\/services-dingenierie\/\" \/>\n<meta property=\"og:locale\" content=\"fr_FR\" \/>\n<meta property=\"og:type\" content=\"article\" \/>\n<meta property=\"og:title\" content=\"Services d\u2019ing\u00e9nierie - Indusal Maquinaria Industrial\" \/>\n<meta property=\"og:description\" content=\"[vc_row css=\u00a0\u00bb.vc_custom_1453476883637{margin-bottom: 15px !important;}\u00a0\u00bb][vc_column][\/vc_column][\/vc_row][vc_row][vc_column][vc_custom_heading text=\u00a0\u00bbServices d\u2019ing\u00e9nierie\u00a0\u00bb use_theme_fonts=\u00a0\u00bbyes\u00a0\u00bb css=\u00a0\u00bb.vc_custom_1760125585791{margin-bottom: 40px !important;}\u00a0\u00bb el_class=\u00a0\u00bbtitle\u00a0\u00bb][vc_column_text]Nous disposons d\u2019un d\u00e9partement d\u2019ing\u00e9nierie interne, charg\u00e9 de la conception et de l\u2019analyse des installations que nous fabriquons, afin d\u2019obtenir le plus haut degr\u00e9 d\u2019adaptation aux besoins de nos clients. &hellip;\" \/>\n<meta property=\"og:url\" content=\"https:\/\/indusalcoop.es\/fr\/services-dingenierie\/\" \/>\n<meta property=\"og:site_name\" content=\"Indusal Maquinaria Industrial\" \/>\n<meta property=\"article:modified_time\" content=\"2025-10-14T12:38:35+00:00\" \/>\n<meta name=\"twitter:card\" content=\"summary_large_image\" \/>\n<meta name=\"twitter:label1\" content=\"Dur\u00e9e de lecture estim\u00e9e\" \/>\n\t<meta name=\"twitter:data1\" content=\"3 minutes\" \/>\n<script type=\"application\/ld+json\" class=\"yoast-schema-graph\">{\"@context\":\"https:\/\/schema.org\",\"@graph\":[{\"@type\":\"WebPage\",\"@id\":\"https:\/\/indusalcoop.es\/fr\/services-dingenierie\/\",\"url\":\"https:\/\/indusalcoop.es\/fr\/services-dingenierie\/\",\"name\":\"Services d\u2019ing\u00e9nierie - Indusal Maquinaria Industrial\",\"isPartOf\":{\"@id\":\"https:\/\/indusalcoop.es\/#website\"},\"datePublished\":\"2018-09-09T19:41:57+00:00\",\"dateModified\":\"2025-10-14T12:38:35+00:00\",\"breadcrumb\":{\"@id\":\"https:\/\/indusalcoop.es\/fr\/services-dingenierie\/#breadcrumb\"},\"inLanguage\":\"fr-FR\",\"potentialAction\":[{\"@type\":\"ReadAction\",\"target\":[\"https:\/\/indusalcoop.es\/fr\/services-dingenierie\/\"]}]},{\"@type\":\"BreadcrumbList\",\"@id\":\"https:\/\/indusalcoop.es\/fr\/services-dingenierie\/#breadcrumb\",\"itemListElement\":[{\"@type\":\"ListItem\",\"position\":1,\"name\":\"Portada\",\"item\":\"https:\/\/indusalcoop.es\/fr\/\"},{\"@type\":\"ListItem\",\"position\":2,\"name\":\"Services d\u2019ing\u00e9nierie\"}]},{\"@type\":\"WebSite\",\"@id\":\"https:\/\/indusalcoop.es\/#website\",\"url\":\"https:\/\/indusalcoop.es\/\",\"name\":\"Indusal Maquinaria Industrial\",\"description\":\"Indusal Maquinaria Industrial\",\"potentialAction\":[{\"@type\":\"SearchAction\",\"target\":{\"@type\":\"EntryPoint\",\"urlTemplate\":\"https:\/\/indusalcoop.es\/?s={search_term_string}\"},\"query-input\":{\"@type\":\"PropertyValueSpecification\",\"valueRequired\":true,\"valueName\":\"search_term_string\"}}],\"inLanguage\":\"fr-FR\"}]}<\/script>\n<!-- \/ Yoast SEO plugin. -->","yoast_head_json":{"title":"Services d\u2019ing\u00e9nierie - Indusal Maquinaria Industrial","robots":{"index":"index","follow":"follow","max-snippet":"max-snippet:-1","max-image-preview":"max-image-preview:large","max-video-preview":"max-video-preview:-1"},"canonical":"https:\/\/indusalcoop.es\/fr\/services-dingenierie\/","og_locale":"fr_FR","og_type":"article","og_title":"Services d\u2019ing\u00e9nierie - Indusal Maquinaria Industrial","og_description":"[vc_row css=\u00a0\u00bb.vc_custom_1453476883637{margin-bottom: 15px !important;}\u00a0\u00bb][vc_column][\/vc_column][\/vc_row][vc_row][vc_column][vc_custom_heading text=\u00a0\u00bbServices d\u2019ing\u00e9nierie\u00a0\u00bb use_theme_fonts=\u00a0\u00bbyes\u00a0\u00bb css=\u00a0\u00bb.vc_custom_1760125585791{margin-bottom: 40px !important;}\u00a0\u00bb el_class=\u00a0\u00bbtitle\u00a0\u00bb][vc_column_text]Nous disposons d\u2019un d\u00e9partement d\u2019ing\u00e9nierie interne, charg\u00e9 de la conception et de l\u2019analyse des installations que nous fabriquons, afin d\u2019obtenir le plus haut degr\u00e9 d\u2019adaptation aux besoins de nos clients. &hellip;","og_url":"https:\/\/indusalcoop.es\/fr\/services-dingenierie\/","og_site_name":"Indusal Maquinaria Industrial","article_modified_time":"2025-10-14T12:38:35+00:00","twitter_card":"summary_large_image","twitter_misc":{"Dur\u00e9e de lecture estim\u00e9e":"3 minutes"},"schema":{"@context":"https:\/\/schema.org","@graph":[{"@type":"WebPage","@id":"https:\/\/indusalcoop.es\/fr\/services-dingenierie\/","url":"https:\/\/indusalcoop.es\/fr\/services-dingenierie\/","name":"Services d\u2019ing\u00e9nierie - Indusal Maquinaria Industrial","isPartOf":{"@id":"https:\/\/indusalcoop.es\/#website"},"datePublished":"2018-09-09T19:41:57+00:00","dateModified":"2025-10-14T12:38:35+00:00","breadcrumb":{"@id":"https:\/\/indusalcoop.es\/fr\/services-dingenierie\/#breadcrumb"},"inLanguage":"fr-FR","potentialAction":[{"@type":"ReadAction","target":["https:\/\/indusalcoop.es\/fr\/services-dingenierie\/"]}]},{"@type":"BreadcrumbList","@id":"https:\/\/indusalcoop.es\/fr\/services-dingenierie\/#breadcrumb","itemListElement":[{"@type":"ListItem","position":1,"name":"Portada","item":"https:\/\/indusalcoop.es\/fr\/"},{"@type":"ListItem","position":2,"name":"Services d\u2019ing\u00e9nierie"}]},{"@type":"WebSite","@id":"https:\/\/indusalcoop.es\/#website","url":"https:\/\/indusalcoop.es\/","name":"Indusal Maquinaria Industrial","description":"Indusal Maquinaria Industrial","potentialAction":[{"@type":"SearchAction","target":{"@type":"EntryPoint","urlTemplate":"https:\/\/indusalcoop.es\/?s={search_term_string}"},"query-input":{"@type":"PropertyValueSpecification","valueRequired":true,"valueName":"search_term_string"}}],"inLanguage":"fr-FR"}]}},"_links":{"self":[{"href":"https:\/\/indusalcoop.es\/fr\/wp-json\/wp\/v2\/pages\/4193","targetHints":{"allow":["GET"]}}],"collection":[{"href":"https:\/\/indusalcoop.es\/fr\/wp-json\/wp\/v2\/pages"}],"about":[{"href":"https:\/\/indusalcoop.es\/fr\/wp-json\/wp\/v2\/types\/page"}],"author":[{"embeddable":true,"href":"https:\/\/indusalcoop.es\/fr\/wp-json\/wp\/v2\/users\/1"}],"replies":[{"embeddable":true,"href":"https:\/\/indusalcoop.es\/fr\/wp-json\/wp\/v2\/comments?post=4193"}],"version-history":[{"count":3,"href":"https:\/\/indusalcoop.es\/fr\/wp-json\/wp\/v2\/pages\/4193\/revisions"}],"predecessor-version":[{"id":4435,"href":"https:\/\/indusalcoop.es\/fr\/wp-json\/wp\/v2\/pages\/4193\/revisions\/4435"}],"wp:attachment":[{"href":"https:\/\/indusalcoop.es\/fr\/wp-json\/wp\/v2\/media?parent=4193"}],"curies":[{"name":"wp","href":"https:\/\/api.w.org\/{rel}","templated":true}]}}