{"id":4189,"date":"2018-09-09T20:58:19","date_gmt":"2018-09-09T18:58:19","guid":{"rendered":"https:\/\/indusalcoop.es\/montaje-de-instalaciones\/"},"modified":"2025-10-14T17:21:02","modified_gmt":"2025-10-14T15:21:02","slug":"montage-des-installations","status":"publish","type":"page","link":"https:\/\/indusalcoop.es\/fr\/montage-des-installations\/","title":{"rendered":"Montage des installations"},"content":{"rendered":"<div class=\"wpb-content-wrapper\"><p>[vc_row css=\u00a0\u00bb.vc_custom_1453476883637{margin-bottom: 15px !important;}\u00a0\u00bb][vc_column]<div class=\"gallery-fs\"><figure><img decoding=\"async\" src=\"https:\/\/indusalcoop.es\/wp-content\/uploads\/2022\/02\/MONTAJE-1.jpg\" alt=\"\"><figcaption>Montage des installations<\/figcaption><\/figure><div class=\"gallery-fs-nav\"><button class=\"gallery-fs-fullscreen\"><i class=\"fa fa-arrows-alt\"><\/i><\/button><\/div><div class=\"gallery-fs-thumbnails gallery-fs-thumbnails-col-5 owl-carousel\"><a href='https:\/\/indusalcoop.es\/wp-content\/uploads\/2022\/02\/MONTAJE-1.jpg' data-caption='Montage des installations' title='Montage des installations' class=\"selected\"><img loading=\"lazy\" decoding=\"async\" width=\"280\" height=\"210\" src=\"https:\/\/indusalcoop.es\/wp-content\/uploads\/2022\/02\/MONTAJE-1-280x210.jpg\" class=\"attachment-anps-gallery-thumb size-anps-gallery-thumb\" alt=\"\" \/><\/a><a href='https:\/\/indusalcoop.es\/wp-content\/uploads\/2018\/09\/montaje-de-instalaciones-indusal-02.jpg' data-caption='Montage des installations' title='Montage des installations'><img loading=\"lazy\" decoding=\"async\" width=\"280\" height=\"210\" src=\"https:\/\/indusalcoop.es\/wp-content\/uploads\/2018\/09\/montaje-de-instalaciones-indusal-02-280x210.jpg\" class=\"attachment-anps-gallery-thumb size-anps-gallery-thumb\" alt=\"Montage des installations\" \/><\/a><a href='https:\/\/indusalcoop.es\/wp-content\/uploads\/2018\/09\/montaje-de-instalaciones-indusal-03.jpg' data-caption='Montage des installations' title='Montage des installations'><img loading=\"lazy\" decoding=\"async\" width=\"280\" height=\"210\" src=\"https:\/\/indusalcoop.es\/wp-content\/uploads\/2018\/09\/montaje-de-instalaciones-indusal-03-280x210.jpg\" class=\"attachment-anps-gallery-thumb size-anps-gallery-thumb\" alt=\"Montage des installations\" srcset=\"https:\/\/indusalcoop.es\/wp-content\/uploads\/2018\/09\/montaje-de-instalaciones-indusal-03-280x210.jpg 280w, https:\/\/indusalcoop.es\/wp-content\/uploads\/2018\/09\/montaje-de-instalaciones-indusal-03-300x225.jpg 300w, https:\/\/indusalcoop.es\/wp-content\/uploads\/2018\/09\/montaje-de-instalaciones-indusal-03-768x576.jpg 768w, https:\/\/indusalcoop.es\/wp-content\/uploads\/2018\/09\/montaje-de-instalaciones-indusal-03.jpg 1024w\" sizes=\"auto, (max-width: 280px) 100vw, 280px\" \/><\/a><a href='https:\/\/indusalcoop.es\/wp-content\/uploads\/2018\/09\/montaje-de-instalaciones-indusal-04.jpg' data-caption='Montage des installations' title='Montage des installations'><img loading=\"lazy\" decoding=\"async\" width=\"280\" height=\"210\" src=\"https:\/\/indusalcoop.es\/wp-content\/uploads\/2018\/09\/montaje-de-instalaciones-indusal-04-280x210.jpg\" class=\"attachment-anps-gallery-thumb size-anps-gallery-thumb\" alt=\"Montage des installations\" srcset=\"https:\/\/indusalcoop.es\/wp-content\/uploads\/2018\/09\/montaje-de-instalaciones-indusal-04-280x210.jpg 280w, https:\/\/indusalcoop.es\/wp-content\/uploads\/2018\/09\/montaje-de-instalaciones-indusal-04-300x225.jpg 300w, https:\/\/indusalcoop.es\/wp-content\/uploads\/2018\/09\/montaje-de-instalaciones-indusal-04-768x576.jpg 768w, https:\/\/indusalcoop.es\/wp-content\/uploads\/2018\/09\/montaje-de-instalaciones-indusal-04.jpg 1024w\" sizes=\"auto, (max-width: 280px) 100vw, 280px\" \/><\/a><a href='https:\/\/indusalcoop.es\/wp-content\/uploads\/2018\/09\/montaje-de-instalaciones-indusal-05.jpg' data-caption='Montage des installations' title='Montage des installations'><img loading=\"lazy\" decoding=\"async\" width=\"280\" height=\"210\" src=\"https:\/\/indusalcoop.es\/wp-content\/uploads\/2018\/09\/montaje-de-instalaciones-indusal-05-280x210.jpg\" class=\"attachment-anps-gallery-thumb size-anps-gallery-thumb\" alt=\"Montage des installations\" srcset=\"https:\/\/indusalcoop.es\/wp-content\/uploads\/2018\/09\/montaje-de-instalaciones-indusal-05-280x210.jpg 280w, https:\/\/indusalcoop.es\/wp-content\/uploads\/2018\/09\/montaje-de-instalaciones-indusal-05-300x225.jpg 300w, https:\/\/indusalcoop.es\/wp-content\/uploads\/2018\/09\/montaje-de-instalaciones-indusal-05-768x576.jpg 768w, https:\/\/indusalcoop.es\/wp-content\/uploads\/2018\/09\/montaje-de-instalaciones-indusal-05.jpg 1024w\" sizes=\"auto, (max-width: 280px) 100vw, 280px\" \/><\/a><\/div><\/div>[\/vc_column][\/vc_row][vc_row][vc_column][vc_custom_heading text=\u00a0\u00bbMONTAGE DES INSTALLATIONS\u00a0\u00bb use_theme_fonts=\u00a0\u00bbyes\u00a0\u00bb css=\u00a0\u00bb.vc_custom_1760125689261{margin-bottom: 40px !important;}\u00a0\u00bb el_class=\u00a0\u00bbtitle\u00a0\u00bb][vc_column_text]Chez Indusal, nous r\u00e9alisons des installations compl\u00e8tes personnalis\u00e9es selon les besoins du client. Tout cela dans le but d\u2019offrir \u00e0 nos clients un service plus global, en nous chargeant de la conception, de la direction technique, de l\u2019ing\u00e9nierie, du montage, de la supervision et de la mise en service.<\/p>\n<p>[\/vc_column_text][\/vc_column][\/vc_row]<\/p>\n<\/div>","protected":false},"excerpt":{"rendered":"<p>[vc_row css=\u00a0\u00bb.vc_custom_1453476883637{margin-bottom: 15px !important;}\u00a0\u00bb][vc_column][\/vc_column][\/vc_row][vc_row][vc_column][vc_custom_heading text=\u00a0\u00bbMONTAGE DES INSTALLATIONS\u00a0\u00bb use_theme_fonts=\u00a0\u00bbyes\u00a0\u00bb css=\u00a0\u00bb.vc_custom_1760125689261{margin-bottom: 40px !important;}\u00a0\u00bb el_class=\u00a0\u00bbtitle\u00a0\u00bb][vc_column_text]Chez Indusal, nous r\u00e9alisons des installations compl\u00e8tes personnalis\u00e9es selon les besoins du client. Tout cela dans le but d\u2019offrir \u00e0 nos clients un service plus global, en nous chargeant &hellip;<\/p>\n","protected":false},"author":1,"featured_media":0,"parent":0,"menu_order":0,"comment_status":"closed","ping_status":"closed","template":"","meta":{"footnotes":""},"class_list":["post-4189","page","type-page","status-publish","hentry"],"yoast_head":"<!-- This site is optimized with the Yoast SEO plugin v27.0 - https:\/\/yoast.com\/product\/yoast-seo-wordpress\/ -->\n<title>Montage des installations - Indusal Maquinaria Industrial<\/title>\n<meta name=\"robots\" content=\"index, follow, max-snippet:-1, max-image-preview:large, max-video-preview:-1\" \/>\n<link rel=\"canonical\" href=\"https:\/\/indusalcoop.es\/fr\/montage-des-installations\/\" \/>\n<meta property=\"og:locale\" content=\"fr_FR\" \/>\n<meta property=\"og:type\" content=\"article\" \/>\n<meta property=\"og:title\" content=\"Montage des installations - Indusal Maquinaria Industrial\" \/>\n<meta property=\"og:description\" content=\"[vc_row css=\u00a0\u00bb.vc_custom_1453476883637{margin-bottom: 15px !important;}\u00a0\u00bb][vc_column][\/vc_column][\/vc_row][vc_row][vc_column][vc_custom_heading text=\u00a0\u00bbMONTAGE DES INSTALLATIONS\u00a0\u00bb use_theme_fonts=\u00a0\u00bbyes\u00a0\u00bb css=\u00a0\u00bb.vc_custom_1760125689261{margin-bottom: 40px !important;}\u00a0\u00bb el_class=\u00a0\u00bbtitle\u00a0\u00bb][vc_column_text]Chez Indusal, nous r\u00e9alisons des installations compl\u00e8tes personnalis\u00e9es selon les besoins du client. Tout cela dans le but d\u2019offrir \u00e0 nos clients un service plus global, en nous chargeant &hellip;\" \/>\n<meta property=\"og:url\" content=\"https:\/\/indusalcoop.es\/fr\/montage-des-installations\/\" \/>\n<meta property=\"og:site_name\" content=\"Indusal Maquinaria Industrial\" \/>\n<meta property=\"article:modified_time\" content=\"2025-10-14T15:21:02+00:00\" \/>\n<meta name=\"twitter:card\" content=\"summary_large_image\" \/>\n<meta name=\"twitter:label1\" content=\"Dur\u00e9e de lecture estim\u00e9e\" \/>\n\t<meta name=\"twitter:data1\" content=\"1 minute\" \/>\n<script type=\"application\/ld+json\" class=\"yoast-schema-graph\">{\"@context\":\"https:\/\/schema.org\",\"@graph\":[{\"@type\":\"WebPage\",\"@id\":\"https:\/\/indusalcoop.es\/fr\/montage-des-installations\/\",\"url\":\"https:\/\/indusalcoop.es\/fr\/montage-des-installations\/\",\"name\":\"Montage des installations - Indusal Maquinaria Industrial\",\"isPartOf\":{\"@id\":\"https:\/\/indusalcoop.es\/#website\"},\"datePublished\":\"2018-09-09T18:58:19+00:00\",\"dateModified\":\"2025-10-14T15:21:02+00:00\",\"breadcrumb\":{\"@id\":\"https:\/\/indusalcoop.es\/fr\/montage-des-installations\/#breadcrumb\"},\"inLanguage\":\"fr-FR\",\"potentialAction\":[{\"@type\":\"ReadAction\",\"target\":[\"https:\/\/indusalcoop.es\/fr\/montage-des-installations\/\"]}]},{\"@type\":\"BreadcrumbList\",\"@id\":\"https:\/\/indusalcoop.es\/fr\/montage-des-installations\/#breadcrumb\",\"itemListElement\":[{\"@type\":\"ListItem\",\"position\":1,\"name\":\"Portada\",\"item\":\"https:\/\/indusalcoop.es\/fr\/\"},{\"@type\":\"ListItem\",\"position\":2,\"name\":\"Montage des installations\"}]},{\"@type\":\"WebSite\",\"@id\":\"https:\/\/indusalcoop.es\/#website\",\"url\":\"https:\/\/indusalcoop.es\/\",\"name\":\"Indusal Maquinaria Industrial\",\"description\":\"Indusal Maquinaria Industrial\",\"potentialAction\":[{\"@type\":\"SearchAction\",\"target\":{\"@type\":\"EntryPoint\",\"urlTemplate\":\"https:\/\/indusalcoop.es\/?s={search_term_string}\"},\"query-input\":{\"@type\":\"PropertyValueSpecification\",\"valueRequired\":true,\"valueName\":\"search_term_string\"}}],\"inLanguage\":\"fr-FR\"}]}<\/script>\n<!-- \/ Yoast SEO plugin. -->","yoast_head_json":{"title":"Montage des installations - Indusal Maquinaria Industrial","robots":{"index":"index","follow":"follow","max-snippet":"max-snippet:-1","max-image-preview":"max-image-preview:large","max-video-preview":"max-video-preview:-1"},"canonical":"https:\/\/indusalcoop.es\/fr\/montage-des-installations\/","og_locale":"fr_FR","og_type":"article","og_title":"Montage des installations - Indusal Maquinaria Industrial","og_description":"[vc_row css=\u00a0\u00bb.vc_custom_1453476883637{margin-bottom: 15px !important;}\u00a0\u00bb][vc_column][\/vc_column][\/vc_row][vc_row][vc_column][vc_custom_heading text=\u00a0\u00bbMONTAGE DES INSTALLATIONS\u00a0\u00bb use_theme_fonts=\u00a0\u00bbyes\u00a0\u00bb css=\u00a0\u00bb.vc_custom_1760125689261{margin-bottom: 40px !important;}\u00a0\u00bb el_class=\u00a0\u00bbtitle\u00a0\u00bb][vc_column_text]Chez Indusal, nous r\u00e9alisons des installations compl\u00e8tes personnalis\u00e9es selon les besoins du client. Tout cela dans le but d\u2019offrir \u00e0 nos clients un service plus global, en nous chargeant &hellip;","og_url":"https:\/\/indusalcoop.es\/fr\/montage-des-installations\/","og_site_name":"Indusal Maquinaria Industrial","article_modified_time":"2025-10-14T15:21:02+00:00","twitter_card":"summary_large_image","twitter_misc":{"Dur\u00e9e de lecture estim\u00e9e":"1 minute"},"schema":{"@context":"https:\/\/schema.org","@graph":[{"@type":"WebPage","@id":"https:\/\/indusalcoop.es\/fr\/montage-des-installations\/","url":"https:\/\/indusalcoop.es\/fr\/montage-des-installations\/","name":"Montage des installations - Indusal Maquinaria Industrial","isPartOf":{"@id":"https:\/\/indusalcoop.es\/#website"},"datePublished":"2018-09-09T18:58:19+00:00","dateModified":"2025-10-14T15:21:02+00:00","breadcrumb":{"@id":"https:\/\/indusalcoop.es\/fr\/montage-des-installations\/#breadcrumb"},"inLanguage":"fr-FR","potentialAction":[{"@type":"ReadAction","target":["https:\/\/indusalcoop.es\/fr\/montage-des-installations\/"]}]},{"@type":"BreadcrumbList","@id":"https:\/\/indusalcoop.es\/fr\/montage-des-installations\/#breadcrumb","itemListElement":[{"@type":"ListItem","position":1,"name":"Portada","item":"https:\/\/indusalcoop.es\/fr\/"},{"@type":"ListItem","position":2,"name":"Montage des installations"}]},{"@type":"WebSite","@id":"https:\/\/indusalcoop.es\/#website","url":"https:\/\/indusalcoop.es\/","name":"Indusal Maquinaria Industrial","description":"Indusal Maquinaria Industrial","potentialAction":[{"@type":"SearchAction","target":{"@type":"EntryPoint","urlTemplate":"https:\/\/indusalcoop.es\/?s={search_term_string}"},"query-input":{"@type":"PropertyValueSpecification","valueRequired":true,"valueName":"search_term_string"}}],"inLanguage":"fr-FR"}]}},"_links":{"self":[{"href":"https:\/\/indusalcoop.es\/fr\/wp-json\/wp\/v2\/pages\/4189","targetHints":{"allow":["GET"]}}],"collection":[{"href":"https:\/\/indusalcoop.es\/fr\/wp-json\/wp\/v2\/pages"}],"about":[{"href":"https:\/\/indusalcoop.es\/fr\/wp-json\/wp\/v2\/types\/page"}],"author":[{"embeddable":true,"href":"https:\/\/indusalcoop.es\/fr\/wp-json\/wp\/v2\/users\/1"}],"replies":[{"embeddable":true,"href":"https:\/\/indusalcoop.es\/fr\/wp-json\/wp\/v2\/comments?post=4189"}],"version-history":[{"count":3,"href":"https:\/\/indusalcoop.es\/fr\/wp-json\/wp\/v2\/pages\/4189\/revisions"}],"predecessor-version":[{"id":4436,"href":"https:\/\/indusalcoop.es\/fr\/wp-json\/wp\/v2\/pages\/4189\/revisions\/4436"}],"wp:attachment":[{"href":"https:\/\/indusalcoop.es\/fr\/wp-json\/wp\/v2\/media?parent=4189"}],"curies":[{"name":"wp","href":"https:\/\/api.w.org\/{rel}","templated":true}]}}