{"id":4186,"date":"2018-09-08T20:27:44","date_gmt":"2018-09-08T18:27:44","guid":{"rendered":"https:\/\/indusalcoop.es\/politica-de-privacidad\/"},"modified":"2025-10-11T17:31:05","modified_gmt":"2025-10-11T15:31:05","slug":"politique-de-confidentialite","status":"publish","type":"page","link":"https:\/\/indusalcoop.es\/fr\/politique-de-confidentialite\/","title":{"rendered":"Politique de confidentialit\u00e9"},"content":{"rendered":"<p>Conform\u00e9ment aux dispositions de la r\u00e9glementation en vigueur en mati\u00e8re de protection des donn\u00e9es, indusalcoop.es, ci-apr\u00e8s INDUSAL, vous informe du traitement des donn\u00e9es \u00e0 caract\u00e8re personnel collect\u00e9es afin que vous puissiez exercer les droits l\u00e9gitimes qui vous correspondent.<\/p>\n<p>L\u2019Utilisateur est responsable de l\u2019exactitude des donn\u00e9es fournies, INDUSAL se r\u00e9servant le droit d\u2019exclure des services enregistr\u00e9s tout utilisateur ayant communiqu\u00e9 des donn\u00e9es fausses, sans pr\u00e9judice des autres actions pr\u00e9vues par la loi.<\/p>\n<p>Les donn\u00e9es commerciales fournies par l\u2019utilisateur, qui y consent express\u00e9ment, pourront faire l\u2019objet d\u2019un traitement et \u00eatre int\u00e9gr\u00e9es aux fichiers automatis\u00e9s correspondants dont INDUSAL sera titulaire et responsable, et ce dans l\u2019unique but d\u2019assurer une meilleure gestion, administration, prestation, extension et am\u00e9lioration des services qu\u2019INDUSAL offre aux entreprises, ainsi que l\u2019adaptation des actions commerciales aux besoins des entreprises, la conception de tout nouvel \u00e9l\u00e9ment constituant l\u2019application et l\u2019envoi de mises \u00e0 jour des services. Pour r\u00e9aliser des traitements des donn\u00e9es commerciales fournies par les utilisateurs \u00e0 des fins autres que celles mentionn\u00e9es ci-dessus, INDUSAL devra obtenir le consentement pr\u00e9alable et sans \u00e9quivoque des utilisateurs.<\/p>\n<p>De m\u00eame, l\u2019utilisateur donne express\u00e9ment son consentement pour que les donn\u00e9es commerciales figurant dans cette demande puissent \u00eatre c\u00e9d\u00e9es aux entit\u00e9s qui, se consacrant \u00e0 la m\u00eame activit\u00e9 qu\u2019INDUSAL ou \u00e0 une activit\u00e9 compl\u00e9mentaire ou li\u00e9e, ont conclu avec elle des accords de collaboration, et ce en vue d\u2019un meilleur accomplissement des finalit\u00e9s indiqu\u00e9es au point pr\u00e9c\u00e9dent.<\/p>\n<p>INDUSAL a adapt\u00e9 ce site web aux exigences de la Loi organique 15\/1999, du 13 d\u00e9cembre, relative \u00e0 la protection des donn\u00e9es \u00e0 caract\u00e8re personnel (LOPD), et du D\u00e9cret royal 1720\/2007, du 21 d\u00e9cembre, connu comme le R\u00e8glement de d\u00e9veloppement de la LOPD. Il est \u00e9galement conforme au R\u00e8glement (UE) 2016\/679 du Parlement europ\u00e9en et du Conseil du 27 avril 2016 relatif \u00e0 la protection des personnes physiques (RGPD), ainsi qu\u2019\u00e0 la Loi 34\/2002, du 11 juillet, sur les services de la soci\u00e9t\u00e9 de l\u2019information et le commerce \u00e9lectronique (LSSICE ou LSSI).<\/p>\n<h2>Responsable du traitement de vos donn\u00e9es personnelles<\/h2>\n<p><strong>Identit\u00e9 du Responsable :<\/strong>&nbsp;PROYECTOS INDUSTRIALES INDUSAL SL<\/p>\n<p><strong>Nom commercial :<\/strong> INDUSAL MAQUINARIA INDUSTRIAL<\/p>\n<p><strong>NIF\/CIF :<\/strong>&nbsp;B12841631<\/p>\n<p><strong>Adresse :<\/strong> Cam\u00ed de la Carretera, 48, 12540 Vila-real, Castell\u00f3n.<\/p>\n<p><strong>Courriel \u00e9lectronique :<\/strong> info@indusalcoop.es<\/p>\n<p><strong>Activit\u00e9 :<\/strong> Construction de machines pour le secteur c\u00e9ramique et \u00e9quipements pour le traitement et l\u2019\u00e9puration des eaux us\u00e9es industrielles.<\/p>\n<p>Aux fins pr\u00e9vues par le R\u00e8glement g\u00e9n\u00e9ral sur la protection des donn\u00e9es susmentionn\u00e9, les donn\u00e9es personnelles que vous nous envoyez via les formulaires du site recevront le traitement de donn\u00e9es \u00ab Utilisateurs du site web et abonn\u00e9s \u00bb.<\/p>\n<p>Pour le traitement des donn\u00e9es de nos utilisateurs, nous mettons en \u0153uvre toutes les mesures de s\u00e9curit\u00e9 techniques et organisationnelles pr\u00e9vues par la l\u00e9gislation en vigueur.<\/p>\n<p>&nbsp;<\/p>\n<p>L\u2019utilisateur autorise express\u00e9ment INDUSAL \u00e0 envoyer des communications commerciales concernant des modifications et\/ou des mises \u00e0 jour des services, des offres et des promotions, ainsi que de la publicit\u00e9 sur de nouveaux produits ou services.<\/p>\n<p>L\u2019utilisateur d\u2019INDUSAL peut exercer \u00e0 tout moment les droits d\u2019acc\u00e8s, de rectification, d\u2019annulation et, le cas \u00e9ch\u00e9ant, de r\u00e9vocation du consentement \u00e0 la cession de ses donn\u00e9es, en s\u2019adressant par \u00e9crit \u00e0 INDUSAL, Cam\u00ed de la Carretera, 48, 12540 Vila-real, Castell\u00f3n, ou en envoyant un e-mail \u00e0 l\u2019adresse : <a href=\"info@indusalcoop.es\">info@indusalcoop.es<\/a><\/p>\n","protected":false},"excerpt":{"rendered":"<p>Conform\u00e9ment aux dispositions de la r\u00e9glementation en vigueur en mati\u00e8re de protection des donn\u00e9es, indusalcoop.es, ci-apr\u00e8s INDUSAL, vous informe du traitement des donn\u00e9es \u00e0 caract\u00e8re personnel collect\u00e9es afin que vous puissiez exercer les droits l\u00e9gitimes qui vous correspondent. L\u2019Utilisateur est &hellip;<\/p>\n","protected":false},"author":1,"featured_media":0,"parent":0,"menu_order":0,"comment_status":"closed","ping_status":"closed","template":"","meta":{"footnotes":""},"class_list":["post-4186","page","type-page","status-publish","hentry"],"yoast_head":"<!-- This site is optimized with the Yoast SEO plugin v27.0 - https:\/\/yoast.com\/product\/yoast-seo-wordpress\/ -->\n<title>Politique de confidentialit\u00e9 - Indusal Maquinaria Industrial<\/title>\n<meta name=\"robots\" content=\"noindex, nofollow\" \/>\n<meta property=\"og:locale\" content=\"fr_FR\" \/>\n<meta property=\"og:type\" content=\"article\" \/>\n<meta property=\"og:title\" content=\"Politique de confidentialit\u00e9 - Indusal Maquinaria Industrial\" \/>\n<meta property=\"og:description\" content=\"Conform\u00e9ment aux dispositions de la r\u00e9glementation en vigueur en mati\u00e8re de protection des donn\u00e9es, indusalcoop.es, ci-apr\u00e8s INDUSAL, vous informe du traitement des donn\u00e9es \u00e0 caract\u00e8re personnel collect\u00e9es afin que vous puissiez exercer les droits l\u00e9gitimes qui vous correspondent. L\u2019Utilisateur est &hellip;\" \/>\n<meta property=\"og:url\" content=\"https:\/\/indusalcoop.es\/fr\/politique-de-confidentialite\/\" \/>\n<meta property=\"og:site_name\" content=\"Indusal Maquinaria Industrial\" \/>\n<meta property=\"article:modified_time\" content=\"2025-10-11T15:31:05+00:00\" \/>\n<meta name=\"twitter:card\" content=\"summary_large_image\" \/>\n<meta name=\"twitter:label1\" content=\"Dur\u00e9e de lecture estim\u00e9e\" \/>\n\t<meta name=\"twitter:data1\" content=\"3 minutes\" \/>\n<script type=\"application\/ld+json\" class=\"yoast-schema-graph\">{\"@context\":\"https:\/\/schema.org\",\"@graph\":[{\"@type\":\"WebPage\",\"@id\":\"https:\/\/indusalcoop.es\/fr\/politique-de-confidentialite\/\",\"url\":\"https:\/\/indusalcoop.es\/fr\/politique-de-confidentialite\/\",\"name\":\"Politique de confidentialit\u00e9 - Indusal Maquinaria Industrial\",\"isPartOf\":{\"@id\":\"https:\/\/indusalcoop.es\/#website\"},\"datePublished\":\"2018-09-08T18:27:44+00:00\",\"dateModified\":\"2025-10-11T15:31:05+00:00\",\"breadcrumb\":{\"@id\":\"https:\/\/indusalcoop.es\/fr\/politique-de-confidentialite\/#breadcrumb\"},\"inLanguage\":\"fr-FR\",\"potentialAction\":[{\"@type\":\"ReadAction\",\"target\":[\"https:\/\/indusalcoop.es\/fr\/politique-de-confidentialite\/\"]}]},{\"@type\":\"BreadcrumbList\",\"@id\":\"https:\/\/indusalcoop.es\/fr\/politique-de-confidentialite\/#breadcrumb\",\"itemListElement\":[{\"@type\":\"ListItem\",\"position\":1,\"name\":\"Portada\",\"item\":\"https:\/\/indusalcoop.es\/fr\/\"},{\"@type\":\"ListItem\",\"position\":2,\"name\":\"Politique de confidentialit\u00e9\"}]},{\"@type\":\"WebSite\",\"@id\":\"https:\/\/indusalcoop.es\/#website\",\"url\":\"https:\/\/indusalcoop.es\/\",\"name\":\"Indusal Maquinaria Industrial\",\"description\":\"Indusal Maquinaria Industrial\",\"potentialAction\":[{\"@type\":\"SearchAction\",\"target\":{\"@type\":\"EntryPoint\",\"urlTemplate\":\"https:\/\/indusalcoop.es\/?s={search_term_string}\"},\"query-input\":{\"@type\":\"PropertyValueSpecification\",\"valueRequired\":true,\"valueName\":\"search_term_string\"}}],\"inLanguage\":\"fr-FR\"}]}<\/script>\n<!-- \/ Yoast SEO plugin. -->","yoast_head_json":{"title":"Politique de confidentialit\u00e9 - Indusal Maquinaria Industrial","robots":{"index":"noindex","follow":"nofollow"},"og_locale":"fr_FR","og_type":"article","og_title":"Politique de confidentialit\u00e9 - Indusal Maquinaria Industrial","og_description":"Conform\u00e9ment aux dispositions de la r\u00e9glementation en vigueur en mati\u00e8re de protection des donn\u00e9es, indusalcoop.es, ci-apr\u00e8s INDUSAL, vous informe du traitement des donn\u00e9es \u00e0 caract\u00e8re personnel collect\u00e9es afin que vous puissiez exercer les droits l\u00e9gitimes qui vous correspondent. L\u2019Utilisateur est &hellip;","og_url":"https:\/\/indusalcoop.es\/fr\/politique-de-confidentialite\/","og_site_name":"Indusal Maquinaria Industrial","article_modified_time":"2025-10-11T15:31:05+00:00","twitter_card":"summary_large_image","twitter_misc":{"Dur\u00e9e de lecture estim\u00e9e":"3 minutes"},"schema":{"@context":"https:\/\/schema.org","@graph":[{"@type":"WebPage","@id":"https:\/\/indusalcoop.es\/fr\/politique-de-confidentialite\/","url":"https:\/\/indusalcoop.es\/fr\/politique-de-confidentialite\/","name":"Politique de confidentialit\u00e9 - Indusal Maquinaria Industrial","isPartOf":{"@id":"https:\/\/indusalcoop.es\/#website"},"datePublished":"2018-09-08T18:27:44+00:00","dateModified":"2025-10-11T15:31:05+00:00","breadcrumb":{"@id":"https:\/\/indusalcoop.es\/fr\/politique-de-confidentialite\/#breadcrumb"},"inLanguage":"fr-FR","potentialAction":[{"@type":"ReadAction","target":["https:\/\/indusalcoop.es\/fr\/politique-de-confidentialite\/"]}]},{"@type":"BreadcrumbList","@id":"https:\/\/indusalcoop.es\/fr\/politique-de-confidentialite\/#breadcrumb","itemListElement":[{"@type":"ListItem","position":1,"name":"Portada","item":"https:\/\/indusalcoop.es\/fr\/"},{"@type":"ListItem","position":2,"name":"Politique de confidentialit\u00e9"}]},{"@type":"WebSite","@id":"https:\/\/indusalcoop.es\/#website","url":"https:\/\/indusalcoop.es\/","name":"Indusal Maquinaria Industrial","description":"Indusal Maquinaria Industrial","potentialAction":[{"@type":"SearchAction","target":{"@type":"EntryPoint","urlTemplate":"https:\/\/indusalcoop.es\/?s={search_term_string}"},"query-input":{"@type":"PropertyValueSpecification","valueRequired":true,"valueName":"search_term_string"}}],"inLanguage":"fr-FR"}]}},"_links":{"self":[{"href":"https:\/\/indusalcoop.es\/fr\/wp-json\/wp\/v2\/pages\/4186","targetHints":{"allow":["GET"]}}],"collection":[{"href":"https:\/\/indusalcoop.es\/fr\/wp-json\/wp\/v2\/pages"}],"about":[{"href":"https:\/\/indusalcoop.es\/fr\/wp-json\/wp\/v2\/types\/page"}],"author":[{"embeddable":true,"href":"https:\/\/indusalcoop.es\/fr\/wp-json\/wp\/v2\/users\/1"}],"replies":[{"embeddable":true,"href":"https:\/\/indusalcoop.es\/fr\/wp-json\/wp\/v2\/comments?post=4186"}],"version-history":[{"count":1,"href":"https:\/\/indusalcoop.es\/fr\/wp-json\/wp\/v2\/pages\/4186\/revisions"}],"predecessor-version":[{"id":4187,"href":"https:\/\/indusalcoop.es\/fr\/wp-json\/wp\/v2\/pages\/4186\/revisions\/4187"}],"wp:attachment":[{"href":"https:\/\/indusalcoop.es\/fr\/wp-json\/wp\/v2\/media?parent=4186"}],"curies":[{"name":"wp","href":"https:\/\/api.w.org\/{rel}","templated":true}]}}