{"id":4170,"date":"2016-01-06T13:11:34","date_gmt":"2016-01-06T12:11:34","guid":{"rendered":"https:\/\/indusalcoop.es\/fabricantes-de-maquinaria-para-el-sector-azulejero\/"},"modified":"2025-10-16T09:05:14","modified_gmt":"2025-10-16T07:05:14","slug":"fabricants-de-machines-pour-le-secteur-de-la-ceramique","status":"publish","type":"page","link":"https:\/\/indusalcoop.es\/fr\/","title":{"rendered":"Fabricants de machines pour le secteur de la c\u00e9ramique"},"content":{"rendered":"<div class=\"wpb-content-wrapper\"><p>[vc_row full_width=\u00a0\u00bbstretch_row_content_no_spaces\u00a0\u00bb css=\u00a0\u00bb.vc_custom_1760108669520{margin-top: -60px !important;margin-bottom: 0px !important;padding-bottom: 0px !important;}\u00a0\u00bb][vc_column][vc_column_text css=\u00a0\u00bb.vc_custom_1662394812087{margin-bottom: 0px !important;}\u00a0\u00bb]\n\t\t\t<!-- START Slider 2 REVOLUTION SLIDER 6.7.31 --><p class=\"rs-p-wp-fix\"><\/p>\n\t\t\t<rs-module-wrap id=\"rev_slider_1_1_wrapper\" data-source=\"gallery\" style=\"visibility:hidden;background:transparent;padding:0;\">\n\t\t\t\t<rs-module id=\"rev_slider_1_1\" style=\"\" data-version=\"6.7.31\">\n\t\t\t\t\t<rs-slides style=\"overflow: hidden; position: absolute;\">\n\t\t\t\t\t\t<rs-slide style=\"position: absolute;\" data-key=\"rs-25\" data-title=\"Slide\" data-thumb=\"\/\/indusalcoop.es\/wp-content\/uploads\/2022\/02\/INDUSAL-HOME-1-100x50.jpg\" data-anim=\"adpr:false;\">\n\t\t\t\t\t\t\t<img decoding=\"async\" src=\"\/\/indusalcoop.es\/wp-content\/plugins\/revslider\/sr6\/assets\/assets\/dummy.png\" alt=\"\" title=\"Fabricants de machines pour le secteur de la c\u00e9ramique\" class=\"rev-slidebg tp-rs-img rs-lazyload\" data-lazyload=\"\/\/indusalcoop.es\/wp-content\/uploads\/2022\/02\/INDUSAL-HOME-1.jpg\" data-parallax=\"off\" data-no-retina>\n<!---->\t\t\t\t\t<\/rs-slide>\n\t\t\t\t\t\t<rs-slide style=\"position: absolute;\" data-key=\"rs-29\" data-title=\"Slide\" data-thumb=\"\/\/indusalcoop.es\/wp-content\/uploads\/2022\/02\/PORTADA-2-100x50.jpg\" data-anim=\"adpr:false;\">\n\t\t\t\t\t\t\t<img decoding=\"async\" src=\"\/\/indusalcoop.es\/wp-content\/plugins\/revslider\/sr6\/assets\/assets\/dummy.png\" alt=\"\" title=\"Fabricants de machines pour le secteur de la c\u00e9ramique\" class=\"rev-slidebg tp-rs-img rs-lazyload\" data-lazyload=\"\/\/indusalcoop.es\/wp-content\/uploads\/2022\/02\/PORTADA-2.jpg\" data-parallax=\"off\" data-no-retina>\n<!---->\t\t\t\t\t<\/rs-slide>\n\t\t\t\t\t\t<rs-slide style=\"position: absolute;\" data-key=\"rs-21\" data-title=\"Slide\" data-thumb=\"\/\/indusalcoop.es\/wp-content\/uploads\/2022\/02\/INDUSAL-HOME-3-100x50.jpg\" data-anim=\"adpr:false;\">\n\t\t\t\t\t\t\t<img decoding=\"async\" src=\"\/\/indusalcoop.es\/wp-content\/plugins\/revslider\/sr6\/assets\/assets\/dummy.png\" alt=\"\" title=\"Fabricants de machines pour le secteur de la c\u00e9ramique\" class=\"rev-slidebg tp-rs-img rs-lazyload\" data-lazyload=\"\/\/indusalcoop.es\/wp-content\/uploads\/2022\/02\/INDUSAL-HOME-3.jpg\" data-parallax=\"off\" data-no-retina>\n<!---->\t\t\t\t\t<\/rs-slide>\n\t\t\t\t\t\t<rs-slide style=\"position: absolute;\" data-key=\"rs-22\" data-title=\"Slide\" data-thumb=\"\/\/indusalcoop.es\/wp-content\/uploads\/2022\/02\/INDUSAL-HOME-4-100x50.jpg\" data-anim=\"adpr:false;\">\n\t\t\t\t\t\t\t<img decoding=\"async\" src=\"\/\/indusalcoop.es\/wp-content\/plugins\/revslider\/sr6\/assets\/assets\/dummy.png\" alt=\"\" title=\"Fabricants de machines pour le secteur de la c\u00e9ramique\" class=\"rev-slidebg tp-rs-img rs-lazyload\" data-lazyload=\"\/\/indusalcoop.es\/wp-content\/uploads\/2022\/02\/INDUSAL-HOME-4.jpg\" data-parallax=\"off\" data-no-retina>\n<!---->\t\t\t\t\t<\/rs-slide>\n\t\t\t\t\t\t<rs-slide style=\"position: absolute;\" data-key=\"rs-23\" data-title=\"Slide\" data-thumb=\"\/\/indusalcoop.es\/wp-content\/uploads\/2022\/02\/INDUSAL-HOME-5-100x50.jpg\" data-anim=\"adpr:false;\">\n\t\t\t\t\t\t\t<img decoding=\"async\" src=\"\/\/indusalcoop.es\/wp-content\/plugins\/revslider\/sr6\/assets\/assets\/dummy.png\" alt=\"\" title=\"Fabricants de machines pour le secteur de la c\u00e9ramique\" class=\"rev-slidebg tp-rs-img rs-lazyload\" data-lazyload=\"\/\/indusalcoop.es\/wp-content\/uploads\/2022\/02\/INDUSAL-HOME-5.jpg\" data-parallax=\"off\" data-no-retina>\n<!---->\t\t\t\t\t<\/rs-slide>\n\t\t\t\t\t<\/rs-slides>\n\t\t\t\t<\/rs-module>\n\t\t\t\t<script>\n\t\t\t\t\tsetREVStartSize({c: 'rev_slider_1_1',rl:[1240,1024,778,480],el:[],gw:[1140,1140,778,480],gh:[650,600,700,600],type:'standard',justify:'',layout:'fullscreen',offsetContainer:'',offset:'',mh:\"0\"});if (window.RS_MODULES!==undefined && window.RS_MODULES.modules!==undefined && window.RS_MODULES.modules[\"revslider11\"]!==undefined) {window.RS_MODULES.modules[\"revslider11\"].once = false;window.revapi1 = undefined;if (window.RS_MODULES.checkMinimal!==undefined) window.RS_MODULES.checkMinimal()}\n\t\t\t\t<\/script>\n\t\t\t<\/rs-module-wrap>\n\t\t\t<!-- END REVOLUTION SLIDER -->\n[\/vc_column_text][\/vc_column][\/vc_row][vc_row full_width=\u00a0\u00bbstretch_row\u00a0\u00bb css=\u00a0\u00bb.vc_custom_1760110225647{margin-top: 0px !important;margin-bottom: 0px !important;padding-top: 40px !important;padding-right: 20% !important;padding-bottom: 70px !important;padding-left: 20% !important;background-color: #f8f9f9 !important;}\u00a0\u00bb][vc_column width=\u00a0\u00bb1\/3&Prime;]<div class='featured featured-has-link simple-style'><div class='featured-header'><a target='_self' href='https:\/\/indusalcoop.es\/fr\/produits\/epaississeurs\/'><img alt='\u00c9paississeurs' src='https:\/\/indusalcoop.es\/wp-content\/uploads\/2022\/02\/1-1-722x368.jpg'\/><\/a><\/div><div class='featured-content'><h3 class='featured-title text-uppercase'><a target='_self' href='https:\/\/indusalcoop.es\/fr\/produits\/epaississeurs\/'>\u00c9paississeurs<\/a><\/h3><a class='btn btn-md btn-minimal' target='_self' href='https:\/\/indusalcoop.es\/fr\/produits\/epaississeurs\/'>PLUS D\u2019INFORMATIONS<\/a><\/div><\/div>[vc_empty_space][vc_empty_space height=\u00a0\u00bb40px\u00a0\u00bb][\/vc_column][vc_column width=\u00a0\u00bb1\/3&Prime;]<div class='featured featured-has-link simple-style'><div class='featured-header'><a target='_self' href='https:\/\/indusalcoop.es\/fr\/produits\/decanteurs\/'><img alt='D\u00e9canteurs' src='https:\/\/indusalcoop.es\/wp-content\/uploads\/2018\/04\/banner-decantadores-portada-722-368.jpg'\/><\/a><\/div><div class='featured-content'><h3 class='featured-title text-uppercase'><a target='_self' href='https:\/\/indusalcoop.es\/fr\/produits\/decanteurs\/'>D\u00e9canteurs<\/a><\/h3><a class='btn btn-md btn-minimal' target='_self' href='https:\/\/indusalcoop.es\/fr\/produits\/decanteurs\/'>PLUS D\u2019INFORMATIONS<\/a><\/div><\/div>[vc_empty_space height=\u00a0\u00bb40px\u00a0\u00bb][\/vc_column][vc_column width=\u00a0\u00bb1\/3&Prime;]<div class='featured featured-has-link simple-style'><div class='featured-header'><a target='_self' href='https:\/\/indusalcoop.es\/fr\/produits\/filtres-presse\/'><img alt='FILTRES-PRESSES' src='https:\/\/indusalcoop.es\/wp-content\/uploads\/2018\/04\/banner-filtros-prensa-portada-722-368.jpg'\/><\/a><\/div><div class='featured-content'><h3 class='featured-title text-uppercase'><a target='_self' href='https:\/\/indusalcoop.es\/fr\/produits\/filtres-presse\/'>FILTRES-PRESSES<\/a><\/h3><a class='btn btn-md btn-minimal' target='_self' href='https:\/\/indusalcoop.es\/fr\/produits\/filtres-presse\/'>PLUS D\u2019INFORMATIONS<\/a><\/div><\/div>[vc_empty_space height=\u00a0\u00bb40px\u00a0\u00bb][\/vc_column][\/vc_row][vc_row full_width=\u00a0\u00bbstretch_row\u00a0\u00bb css=\u00a0\u00bb.vc_custom_1760110240329{margin-top: 0px !important;margin-bottom: 0px !important;padding-top: 40px !important;padding-right: 20% !important;padding-bottom: 70px !important;padding-left: 20% !important;background-color: #252525 !important;}\u00a0\u00bb][vc_column]<h2 class='heading-middle  divider-sm'  style='color: #ffffff'><span>Transport pneumatique<\/span><\/h2>[\/vc_column][vc_column width=\u00a0\u00bb1\/3&Prime;]<div class='featured featured-has-link simple-style'><div class='featured-header'><a target='_self' href='https:\/\/indusalcoop.es\/fr\/produits\/silos\/'><img alt='Silos' src='https:\/\/indusalcoop.es\/wp-content\/uploads\/2022\/02\/silos-1-722x368.png'\/><\/a><\/div><div class='featured-content'><h3 class='featured-title text-uppercase'><a target='_self' href='https:\/\/indusalcoop.es\/fr\/produits\/silos\/'>Silos<\/a><\/h3><a class='btn btn-md btn-minimal' target='_self' href='https:\/\/indusalcoop.es\/fr\/produits\/silos\/'>PLUS D\u2019INFORMATIONS<\/a><\/div><\/div>[vc_empty_space height=\u00a0\u00bb40px\u00a0\u00bb][\/vc_column][vc_column width=\u00a0\u00bb1\/3&Prime;]<div class='featured featured-has-link simple-style'><div class='featured-header'><a target='_self' href='https:\/\/indusalcoop.es\/fr\/produits\/propulseurs\/'><img alt='Propulseurs' src='https:\/\/indusalcoop.es\/wp-content\/uploads\/2022\/02\/propulsores-1.png'\/><\/a><\/div><div class='featured-content'><h3 class='featured-title text-uppercase'><a target='_self' href='https:\/\/indusalcoop.es\/fr\/produits\/propulseurs\/'>Propulseurs<\/a><\/h3><a class='btn btn-md btn-minimal' target='_self' href='https:\/\/indusalcoop.es\/fr\/produits\/propulseurs\/'>PLUS D\u2019INFORMATIONS<\/a><\/div><\/div>[vc_empty_space height=\u00a0\u00bb40px\u00a0\u00bb][\/vc_column][vc_column width=\u00a0\u00bb1\/3&Prime;]<div class='featured featured-has-link simple-style'><div class='featured-header'><a target='_self' href='https:\/\/indusalcoop.es\/fr\/produits\/transport-par-aeroglisseur\/'><img alt='A\u00e9roglisseurs' src='https:\/\/indusalcoop.es\/wp-content\/uploads\/2018\/07\/banner-aerodeslizadores-portada-722-368.jpg'\/><\/a><\/div><div class='featured-content'><h3 class='featured-title text-uppercase'><a target='_self' href='https:\/\/indusalcoop.es\/fr\/produits\/transport-par-aeroglisseur\/'>A\u00e9roglisseurs<\/a><\/h3><a class='btn btn-md btn-minimal' target='_self' href='https:\/\/indusalcoop.es\/fr\/produits\/transport-par-aeroglisseur\/'>PLUS D\u2019INFORMATIONS<\/a><\/div><\/div>[vc_empty_space height=\u00a0\u00bb40px\u00a0\u00bb][\/vc_column][\/vc_row][vc_row full_width=\u00a0\u00bbstretch_row_content_no_spaces\u00a0\u00bb css=\u00a0\u00bb.vc_custom_1662393509295{margin-top: 0px !important;margin-bottom: 0px !important;padding-bottom: 0px !important;}\u00a0\u00bb el_id=\u00a0\u00bbmapa\u00a0\u00bb][vc_column css=\u00a0\u00bb.vc_custom_1536181177973{margin-bottom: 0px !important;border-bottom-width: 0px !important;padding-top: 0px !important;}\u00a0\u00bb][vc_raw_html css=\u00a0\u00bb.vc_custom_1536182245840{margin-bottom: 0px !important;}\u00a0\u00bb]JTNDaWZyYW1lJTIwc3JjJTNEJTIyaHR0cHMlM0ElMkYlMkZ3d3cuZ29vZ2xlLmNvbSUyRm1hcHMlMkZlbWJlZCUzRnBiJTNEJTIxMW0xOCUyMTFtMTIlMjExbTMlMjExZDQzMjYuNzA4MzE4NjA1MjAxJTIxMmQtMC4xMTMwNTk1NDY0NTIxNzkwNCUyMTNkMzkuOTMxNDM5NDEwNjI4MDYlMjEybTMlMjExZjAlMjEyZjAlMjEzZjAlMjEzbTIlMjExaTEwMjQlMjEyaTc2OCUyMTRmMTMuMSUyMTNtMyUyMTFtMiUyMTFzMHhkNjAwNjU3NzYyNjM0ZDclMjUzQTB4YTJhZmQzMTBmZjZhNGJkNiUyMTJzQ2FtaW5vJTJCZGUlMkJsYSUyQkNhcnJldGVyYSUyNTJDJTJCNDglMjUyQyUyQjEyNTQwJTJCVmlsbGFycmVhbCUyNTJDJTJCQ2FzdGVsbCUyNUMzJTI1QjNuJTIxNWUwJTIxM20yJTIxMXNlcyUyMTJzZXMlMjE0djE1MzYxNzY4OTU3MjklMjIlMjB3aWR0aCUzRCUyMjE5MDUlMjIlMjBoZWlnaHQlM0QlMjI0NTAlMjIlMjBmcmFtZWJvcmRlciUzRCUyMjAlMjIlMjBzdHlsZSUzRCUyMmJvcmRlciUzQTAlMjIlMjBhbGxvd2Z1bGxzY3JlZW4lM0UlM0MlMkZpZnJhbWUlM0U=[\/vc_raw_html][\/vc_column][\/vc_row][vc_row css=\u00a0\u00bb.vc_custom_1662393554561{margin-top: 20px !important;}\u00a0\u00bb][vc_column][vc_column_text]<strong><img loading=\"lazy\" decoding=\"async\" class=\"size-full wp-image-2884 alignleft\" src=\"https:\/\/indusalcoop.es\/wp-content\/uploads\/2022\/09\/logo-generalitat-120-h.jpg\" alt=\"Logo Generalitat Valenciana\" width=\"129\" height=\"120\" \/>PROYECTOS INDUSTRIALES INDUSAL SL<\/strong> a re\u00e7u de la <strong>Conselleria de l\u2019Innovation, de l\u2019Industrie, du Commerce et du Tourisme<\/strong> une subvention de 117\u00a0062,14\u00a0\u20ac pour soutenir le projet <strong>INPYME\/2023\/452<\/strong> dans le cadre de <em>\u00ab\u00a0la sixi\u00e8me phase de mise en \u0153uvre du Plan strat\u00e9gique de l\u2019industrie valencienne, programme d\u2019aides visant \u00e0 am\u00e9liorer la comp\u00e9titivit\u00e9 et la durabilit\u00e9 des PME industrielles de la Communaut\u00e9 valencienne dans divers secteurs\u00a0\u00bb<\/em>.[\/vc_column_text][\/vc_column][\/vc_row][vc_row css=\u00a0\u00bb.vc_custom_1662393554561{margin-top: 20px !important;}\u00a0\u00bb][vc_column][vc_separator color=\u00a0\u00bbblack\u00a0\u00bb style=\u00a0\u00bbdotted\u00a0\u00bb css=\u00a0\u00bb.vc_custom_1673366944645{margin-top: 20px !important;margin-bottom: 20px !important;}\u00a0\u00bb][vc_column_text]<strong><img loading=\"lazy\" decoding=\"async\" class=\"size-full wp-image-2884 alignleft\" src=\"https:\/\/indusalcoop.es\/wp-content\/uploads\/2022\/09\/logo-generalitat-120-h.jpg\" alt=\"Logo Generalitat Valenciana\" width=\"129\" height=\"120\" \/>PROYECTOS INDUSTRIALES INDUSAL, SL.<\/strong> a re\u00e7u de la Conselleria de l\u2019\u00c9conomie durable, des Secteurs productifs, du Commerce et du Travail de la Generalitat Valenciana une subvention de 32\u00a0644,09\u00a0\u20ac en appui au projet <strong>INPYME\/2022\/797<\/strong> du <em>\u00ab\u00a0Programme d\u2019aides pour am\u00e9liorer la comp\u00e9titivit\u00e9 et la durabilit\u00e9 des PME industrielles des secteurs de la Communaut\u00e9 valencienne de la chaussure, de la c\u00e9ramique, de la m\u00e9tallurgie, du textile, du jouet, du marbre\u2013pierre naturelle et des granulats, du bois\u2013meuble et de l\u2019\u00e9clairage, de la chimie, de l\u2019automobile, des plastiques, de l\u2019emballage, du papier et des arts graphiques, de la valorisation des d\u00e9chets, ainsi que des secteurs \u00e9mergents de la biotechnologie, de la production audiovisuelle et de la production de jeux vid\u00e9o, dans le cadre de la quatri\u00e8me phase de mise en \u0153uvre du Plan strat\u00e9gique de l\u2019industrie valencienne\u00a0\u00bb<\/em>.[\/vc_column_text][\/vc_column][\/vc_row][vc_row][vc_column][vc_separator color=\u00a0\u00bbblack\u00a0\u00bb style=\u00a0\u00bbdotted\u00a0\u00bb css=\u00a0\u00bb.vc_custom_1673366944645{margin-top: 20px !important;margin-bottom: 20px !important;}\u00a0\u00bb][vc_column_text]<\/p>\n<h4 style=\"text-align: center;\">Projet cofinanc\u00e9 par<\/h4>\n<p>[\/vc_column_text][vc_single_image image=\u00a0\u00bb3694&Prime; img_size=\u00a0\u00bb600&#215;69&Prime; alignment=\u00a0\u00bbcenter\u00a0\u00bb][vc_column_text]<span style=\"color: #000000;\">PROYECTOS INDUSTRIALES INDUSAL S.L a re\u00e7u de l\u2019Institut valencien de Comp\u00e9titivit\u00e9 des Entreprises <strong>IVACE<\/strong> la somme de 9\u00a0610,92\u00a0\u20ac pour soutenir le projet <strong>IMDIGA\/2022\/415<\/strong> du PLAN D\u2019ENTREPRISE \u00ab\u00a0Programme PROJETS DE NUM\u00c9RISATION DES PME (DIGITALIZA-CV TRANSFORMATION)\u00a0\u00bb, \u00e0 la charge du budget de l\u2019exercice 2022, pour le projet \u00ab\u00a0MISE EN PLACE D\u2019UN SYST\u00c8ME GLOBAL DE NUM\u00c9RISATION DES DONN\u00c9ES POUR LA GESTION INT\u00c9GR\u00c9E DE L\u2019INFORMATION ET DES RESSOURCES HUMAINES.\u00a0\u00bb<\/span>[\/vc_column_text][\/vc_column][\/vc_row]<\/p>\n<\/div>","protected":false},"excerpt":{"rendered":"<p>[vc_row full_width=\u00a0\u00bbstretch_row_content_no_spaces\u00a0\u00bb css=\u00a0\u00bb.vc_custom_1760108669520{margin-top: -60px !important;margin-bottom: 0px !important;padding-bottom: 0px !important;}\u00a0\u00bb][vc_column][vc_column_text css=\u00a0\u00bb.vc_custom_1662394812087{margin-bottom: 0px !important;}\u00a0\u00bb][\/vc_column_text][\/vc_column][\/vc_row][vc_row full_width=\u00a0\u00bbstretch_row\u00a0\u00bb css=\u00a0\u00bb.vc_custom_1760110225647{margin-top: 0px !important;margin-bottom: 0px !important;padding-top: 40px !important;padding-right: 20% !important;padding-bottom: 70px !important;padding-left: 20% !important;background-color: #f8f9f9 !important;}\u00a0\u00bb][vc_column width=\u00a0\u00bb1\/3&Prime;][vc_empty_space][vc_empty_space height=\u00a0\u00bb40px\u00a0\u00bb][\/vc_column][vc_column width=\u00a0\u00bb1\/3&Prime;][vc_empty_space height=\u00a0\u00bb40px\u00a0\u00bb][\/vc_column][vc_column width=\u00a0\u00bb1\/3&Prime;][vc_empty_space height=\u00a0\u00bb40px\u00a0\u00bb][\/vc_column][\/vc_row][vc_row full_width=\u00a0\u00bbstretch_row\u00a0\u00bb css=\u00a0\u00bb.vc_custom_1760110240329{margin-top: 0px !important;margin-bottom: 0px !important;padding-top: &hellip;<\/p>\n","protected":false},"author":1,"featured_media":3400,"parent":0,"menu_order":0,"comment_status":"closed","ping_status":"closed","template":"","meta":{"footnotes":""},"class_list":["post-4170","page","type-page","status-publish","has-post-thumbnail","hentry"],"yoast_head":"<!-- This site is optimized with the Yoast SEO plugin v27.0 - https:\/\/yoast.com\/product\/yoast-seo-wordpress\/ -->\n<title>Fabricantes de maquinaria para el sector azulejero - Indusal<\/title>\n<meta name=\"description\" content=\"Fabricantes de maquinaria para el sector azulejero servicios de mantenimiento y de reparaci\u00f3n.+34 964 626 015 | info@indusalcoop.es\" \/>\n<meta name=\"robots\" content=\"index, follow, max-snippet:-1, max-image-preview:large, max-video-preview:-1\" \/>\n<link rel=\"canonical\" href=\"https:\/\/indusalcoop.es\/fr\/\" \/>\n<meta property=\"og:locale\" content=\"fr_FR\" \/>\n<meta property=\"og:type\" content=\"article\" \/>\n<meta property=\"og:title\" content=\"Fabricantes de maquinaria para el sector azulejero - Indusal\" \/>\n<meta property=\"og:description\" content=\"Fabricantes de maquinaria para el sector azulejero servicios de mantenimiento y de reparaci\u00f3n.+34 964 626 015 | info@indusalcoop.es\" \/>\n<meta property=\"og:url\" content=\"https:\/\/indusalcoop.es\/fr\/\" \/>\n<meta property=\"og:site_name\" content=\"Indusal Maquinaria Industrial\" \/>\n<meta property=\"article:modified_time\" content=\"2025-10-16T07:05:14+00:00\" \/>\n<meta property=\"og:image\" content=\"https:\/\/indusalcoop.es\/wp-content\/uploads\/2018\/09\/indusal-maquinaria-industrial-01_result.jpg\" \/>\n\t<meta property=\"og:image:width\" content=\"1024\" \/>\n\t<meta property=\"og:image:height\" content=\"680\" \/>\n\t<meta property=\"og:image:type\" content=\"image\/jpeg\" \/>\n<meta name=\"twitter:card\" content=\"summary_large_image\" \/>\n<meta name=\"twitter:label1\" content=\"Dur\u00e9e de lecture estim\u00e9e\" \/>\n\t<meta name=\"twitter:data1\" content=\"7 minutes\" \/>\n<script type=\"application\/ld+json\" class=\"yoast-schema-graph\">{\"@context\":\"https:\/\/schema.org\",\"@graph\":[{\"@type\":\"WebPage\",\"@id\":\"https:\/\/indusalcoop.es\/fr\/\",\"url\":\"https:\/\/indusalcoop.es\/fr\/\",\"name\":\"Fabricantes de maquinaria para el sector azulejero - Indusal\",\"isPartOf\":{\"@id\":\"https:\/\/indusalcoop.es\/#website\"},\"primaryImageOfPage\":{\"@id\":\"https:\/\/indusalcoop.es\/fr\/#primaryimage\"},\"image\":{\"@id\":\"https:\/\/indusalcoop.es\/fr\/#primaryimage\"},\"thumbnailUrl\":\"https:\/\/indusalcoop.es\/wp-content\/uploads\/2018\/09\/indusal-maquinaria-industrial-01_result.jpg\",\"datePublished\":\"2016-01-06T12:11:34+00:00\",\"dateModified\":\"2025-10-16T07:05:14+00:00\",\"description\":\"Fabricantes de maquinaria para el sector azulejero servicios de mantenimiento y de reparaci\u00f3n.+34 964 626 015 | info@indusalcoop.es\",\"breadcrumb\":{\"@id\":\"https:\/\/indusalcoop.es\/fr\/#breadcrumb\"},\"inLanguage\":\"fr-FR\",\"potentialAction\":[{\"@type\":\"ReadAction\",\"target\":[\"https:\/\/indusalcoop.es\/fr\/\"]}]},{\"@type\":\"ImageObject\",\"inLanguage\":\"fr-FR\",\"@id\":\"https:\/\/indusalcoop.es\/fr\/#primaryimage\",\"url\":\"https:\/\/indusalcoop.es\/wp-content\/uploads\/2018\/09\/indusal-maquinaria-industrial-01_result.jpg\",\"contentUrl\":\"https:\/\/indusalcoop.es\/wp-content\/uploads\/2018\/09\/indusal-maquinaria-industrial-01_result.jpg\",\"width\":1024,\"height\":680,\"caption\":\"Fabricantes de maquinaria para el sector azulejero\"},{\"@type\":\"BreadcrumbList\",\"@id\":\"https:\/\/indusalcoop.es\/fr\/#breadcrumb\",\"itemListElement\":[{\"@type\":\"ListItem\",\"position\":1,\"name\":\"Portada\",\"item\":\"https:\/\/indusalcoop.es\/fr\/\"},{\"@type\":\"ListItem\",\"position\":2,\"name\":\"Fabricants de machines pour le secteur de la c\u00e9ramique\"}]},{\"@type\":\"WebSite\",\"@id\":\"https:\/\/indusalcoop.es\/#website\",\"url\":\"https:\/\/indusalcoop.es\/\",\"name\":\"Indusal Maquinaria Industrial\",\"description\":\"Indusal Maquinaria Industrial\",\"potentialAction\":[{\"@type\":\"SearchAction\",\"target\":{\"@type\":\"EntryPoint\",\"urlTemplate\":\"https:\/\/indusalcoop.es\/?s={search_term_string}\"},\"query-input\":{\"@type\":\"PropertyValueSpecification\",\"valueRequired\":true,\"valueName\":\"search_term_string\"}}],\"inLanguage\":\"fr-FR\"}]}<\/script>\n<!-- \/ Yoast SEO plugin. -->","yoast_head_json":{"title":"Fabricantes de maquinaria para el sector azulejero - Indusal","description":"Fabricantes de maquinaria para el sector azulejero servicios de mantenimiento y de reparaci\u00f3n.+34 964 626 015 | info@indusalcoop.es","robots":{"index":"index","follow":"follow","max-snippet":"max-snippet:-1","max-image-preview":"max-image-preview:large","max-video-preview":"max-video-preview:-1"},"canonical":"https:\/\/indusalcoop.es\/fr\/","og_locale":"fr_FR","og_type":"article","og_title":"Fabricantes de maquinaria para el sector azulejero - Indusal","og_description":"Fabricantes de maquinaria para el sector azulejero servicios de mantenimiento y de reparaci\u00f3n.+34 964 626 015 | info@indusalcoop.es","og_url":"https:\/\/indusalcoop.es\/fr\/","og_site_name":"Indusal Maquinaria Industrial","article_modified_time":"2025-10-16T07:05:14+00:00","og_image":[{"width":1024,"height":680,"url":"https:\/\/indusalcoop.es\/wp-content\/uploads\/2018\/09\/indusal-maquinaria-industrial-01_result.jpg","type":"image\/jpeg"}],"twitter_card":"summary_large_image","twitter_misc":{"Dur\u00e9e de lecture estim\u00e9e":"7 minutes"},"schema":{"@context":"https:\/\/schema.org","@graph":[{"@type":"WebPage","@id":"https:\/\/indusalcoop.es\/fr\/","url":"https:\/\/indusalcoop.es\/fr\/","name":"Fabricantes de maquinaria para el sector azulejero - Indusal","isPartOf":{"@id":"https:\/\/indusalcoop.es\/#website"},"primaryImageOfPage":{"@id":"https:\/\/indusalcoop.es\/fr\/#primaryimage"},"image":{"@id":"https:\/\/indusalcoop.es\/fr\/#primaryimage"},"thumbnailUrl":"https:\/\/indusalcoop.es\/wp-content\/uploads\/2018\/09\/indusal-maquinaria-industrial-01_result.jpg","datePublished":"2016-01-06T12:11:34+00:00","dateModified":"2025-10-16T07:05:14+00:00","description":"Fabricantes de maquinaria para el sector azulejero servicios de mantenimiento y de reparaci\u00f3n.+34 964 626 015 | info@indusalcoop.es","breadcrumb":{"@id":"https:\/\/indusalcoop.es\/fr\/#breadcrumb"},"inLanguage":"fr-FR","potentialAction":[{"@type":"ReadAction","target":["https:\/\/indusalcoop.es\/fr\/"]}]},{"@type":"ImageObject","inLanguage":"fr-FR","@id":"https:\/\/indusalcoop.es\/fr\/#primaryimage","url":"https:\/\/indusalcoop.es\/wp-content\/uploads\/2018\/09\/indusal-maquinaria-industrial-01_result.jpg","contentUrl":"https:\/\/indusalcoop.es\/wp-content\/uploads\/2018\/09\/indusal-maquinaria-industrial-01_result.jpg","width":1024,"height":680,"caption":"Fabricantes de maquinaria para el sector azulejero"},{"@type":"BreadcrumbList","@id":"https:\/\/indusalcoop.es\/fr\/#breadcrumb","itemListElement":[{"@type":"ListItem","position":1,"name":"Portada","item":"https:\/\/indusalcoop.es\/fr\/"},{"@type":"ListItem","position":2,"name":"Fabricants de machines pour le secteur de la c\u00e9ramique"}]},{"@type":"WebSite","@id":"https:\/\/indusalcoop.es\/#website","url":"https:\/\/indusalcoop.es\/","name":"Indusal Maquinaria Industrial","description":"Indusal Maquinaria Industrial","potentialAction":[{"@type":"SearchAction","target":{"@type":"EntryPoint","urlTemplate":"https:\/\/indusalcoop.es\/?s={search_term_string}"},"query-input":{"@type":"PropertyValueSpecification","valueRequired":true,"valueName":"search_term_string"}}],"inLanguage":"fr-FR"}]}},"_links":{"self":[{"href":"https:\/\/indusalcoop.es\/fr\/wp-json\/wp\/v2\/pages\/4170","targetHints":{"allow":["GET"]}}],"collection":[{"href":"https:\/\/indusalcoop.es\/fr\/wp-json\/wp\/v2\/pages"}],"about":[{"href":"https:\/\/indusalcoop.es\/fr\/wp-json\/wp\/v2\/types\/page"}],"author":[{"embeddable":true,"href":"https:\/\/indusalcoop.es\/fr\/wp-json\/wp\/v2\/users\/1"}],"replies":[{"embeddable":true,"href":"https:\/\/indusalcoop.es\/fr\/wp-json\/wp\/v2\/comments?post=4170"}],"version-history":[{"count":16,"href":"https:\/\/indusalcoop.es\/fr\/wp-json\/wp\/v2\/pages\/4170\/revisions"}],"predecessor-version":[{"id":4430,"href":"https:\/\/indusalcoop.es\/fr\/wp-json\/wp\/v2\/pages\/4170\/revisions\/4430"}],"wp:featuredmedia":[{"embeddable":true,"href":"https:\/\/indusalcoop.es\/fr\/wp-json\/wp\/v2\/media\/3400"}],"wp:attachment":[{"href":"https:\/\/indusalcoop.es\/fr\/wp-json\/wp\/v2\/media?parent=4170"}],"curies":[{"name":"wp","href":"https:\/\/api.w.org\/{rel}","templated":true}]}}